{"id":4867,"date":"2024-01-03T10:32:21","date_gmt":"2024-01-03T09:32:21","guid":{"rendered":"https:\/\/www.pepmasias.cat\/accessibilitat\/"},"modified":"2024-01-09T10:05:24","modified_gmt":"2024-01-09T09:05:24","slug":"accesibilidad","status":"publish","type":"page","link":"https:\/\/www.pepmasias.cat\/es\/accesibilidad\/","title":{"rendered":"Accesibilidad"},"content":{"rendered":"<h3 class=\"western\"><strong>CUMPLIMOS LA NORMATIVA<\/strong><\/h3>\n<p>El Ministerio de Asuntos Econ\u00f3micos y Transformaci\u00f3n Digital se ha comprometido a hacer accesible este sitio web, de conformidad con el Real Decreto 1112\/2018, de 7 de septiembre, sobre accesibilidad de los sitios web y aplicaciones para dispositivos m\u00f3viles del sector p\u00fablico.<\/p>\n<p>La presente declaraci\u00f3n de accesibilidad se aplica al sitio web https:\/\/www.pepmasias.cat\/es<\/p>\n","protected":false},"excerpt":{"rendered":"<p>CUMPLIMOS LA NORMATIVA El Ministerio de Asuntos Econ\u00f3micos y Transformaci\u00f3n Digital se ha comprometido a hacer accesible este sitio web, de conformidad con el Real Decreto 1112\/2018, de 7 de [&hellip;]<\/p>\n","protected":false},"author":1,"featured_media":0,"parent":0,"menu_order":0,"comment_status":"closed","ping_status":"closed","template":"","meta":{"footnotes":""},"class_list":["post-4867","page","type-page","status-publish","hentry"],"yoast_head":"<!-- This site is optimized with the Yoast SEO plugin v23.0 - https:\/\/yoast.com\/wordpress\/plugins\/seo\/ -->\n<title>Accesibilidad - Pep Masias<\/title>\n<meta name=\"description\" content=\"La accesibilidad web se basa en un conjunto de recomendaciones est\u00e1ndar que favorecen la inclusi\u00f3n y la interacci\u00f3n de los usuarios con la web\" \/>\n<meta name=\"robots\" content=\"index, follow, max-snippet:-1, max-image-preview:large, max-video-preview:-1\" \/>\n<link rel=\"canonical\" href=\"https:\/\/www.pepmasias.cat\/accessibilitat\/\" \/>\n<meta property=\"og:locale\" content=\"es_ES\" \/>\n<meta property=\"og:type\" content=\"article\" \/>\n<meta property=\"og:title\" content=\"Accesibilidad - Pep Masias\" \/>\n<meta property=\"og:description\" content=\"La accesibilidad web se basa en un conjunto de recomendaciones est\u00e1ndar que favorecen la inclusi\u00f3n y la interacci\u00f3n de los usuarios con la web\" \/>\n<meta property=\"og:url\" content=\"https:\/\/www.pepmasias.cat\/accessibilitat\/\" \/>\n<meta property=\"og:site_name\" content=\"Pep Masias\" \/>\n<meta property=\"article:modified_time\" content=\"2024-01-09T09:05:24+00:00\" \/>\n<meta name=\"twitter:card\" content=\"summary_large_image\" \/>\n<meta name=\"twitter:label1\" content=\"Tiempo de lectura\" \/>\n\t<meta name=\"twitter:data1\" content=\"1 minuto\" \/>\n<script type=\"application\/ld+json\" class=\"yoast-schema-graph\">{\"@context\":\"https:\/\/schema.org\",\"@graph\":[{\"@type\":\"WebPage\",\"@id\":\"https:\/\/www.pepmasias.cat\/accessibilitat\/\",\"url\":\"https:\/\/www.pepmasias.cat\/accessibilitat\/\",\"name\":\"Accesibilidad - Pep Masias\",\"isPartOf\":{\"@id\":\"https:\/\/www.pepmasias.cat\/es\/#website\"},\"datePublished\":\"2024-01-03T09:32:21+00:00\",\"dateModified\":\"2024-01-09T09:05:24+00:00\",\"description\":\"La accesibilidad web se basa en un conjunto de recomendaciones est\u00e1ndar que favorecen la inclusi\u00f3n y la interacci\u00f3n de los usuarios con la web\",\"breadcrumb\":{\"@id\":\"https:\/\/www.pepmasias.cat\/accessibilitat\/#breadcrumb\"},\"inLanguage\":\"es\",\"potentialAction\":[{\"@type\":\"ReadAction\",\"target\":[\"https:\/\/www.pepmasias.cat\/accessibilitat\/\"]}]},{\"@type\":\"BreadcrumbList\",\"@id\":\"https:\/\/www.pepmasias.cat\/accessibilitat\/#breadcrumb\",\"itemListElement\":[{\"@type\":\"ListItem\",\"position\":1,\"name\":\"Inici\",\"item\":\"https:\/\/www.pepmasias.cat\/es\/\"},{\"@type\":\"ListItem\",\"position\":2,\"name\":\"Accesibilidad\"}]},{\"@type\":\"WebSite\",\"@id\":\"https:\/\/www.pepmasias.cat\/es\/#website\",\"url\":\"https:\/\/www.pepmasias.cat\/es\/\",\"name\":\"Pep Masias\",\"description\":\"Productor i Documentalista\",\"potentialAction\":[{\"@type\":\"SearchAction\",\"target\":{\"@type\":\"EntryPoint\",\"urlTemplate\":\"https:\/\/www.pepmasias.cat\/es\/?s={search_term_string}\"},\"query-input\":\"required name=search_term_string\"}],\"inLanguage\":\"es\"}]}<\/script>\n<!-- \/ Yoast SEO plugin. -->","yoast_head_json":{"title":"Accesibilidad - Pep Masias","description":"La accesibilidad web se basa en un conjunto de recomendaciones est\u00e1ndar que favorecen la inclusi\u00f3n y la interacci\u00f3n de los usuarios con la web","robots":{"index":"index","follow":"follow","max-snippet":"max-snippet:-1","max-image-preview":"max-image-preview:large","max-video-preview":"max-video-preview:-1"},"canonical":"https:\/\/www.pepmasias.cat\/accessibilitat\/","og_locale":"es_ES","og_type":"article","og_title":"Accesibilidad - Pep Masias","og_description":"La accesibilidad web se basa en un conjunto de recomendaciones est\u00e1ndar que favorecen la inclusi\u00f3n y la interacci\u00f3n de los usuarios con la web","og_url":"https:\/\/www.pepmasias.cat\/accessibilitat\/","og_site_name":"Pep Masias","article_modified_time":"2024-01-09T09:05:24+00:00","twitter_card":"summary_large_image","twitter_misc":{"Tiempo de lectura":"1 minuto"},"schema":{"@context":"https:\/\/schema.org","@graph":[{"@type":"WebPage","@id":"https:\/\/www.pepmasias.cat\/accessibilitat\/","url":"https:\/\/www.pepmasias.cat\/accessibilitat\/","name":"Accesibilidad - Pep Masias","isPartOf":{"@id":"https:\/\/www.pepmasias.cat\/es\/#website"},"datePublished":"2024-01-03T09:32:21+00:00","dateModified":"2024-01-09T09:05:24+00:00","description":"La accesibilidad web se basa en un conjunto de recomendaciones est\u00e1ndar que favorecen la inclusi\u00f3n y la interacci\u00f3n de los usuarios con la web","breadcrumb":{"@id":"https:\/\/www.pepmasias.cat\/accessibilitat\/#breadcrumb"},"inLanguage":"es","potentialAction":[{"@type":"ReadAction","target":["https:\/\/www.pepmasias.cat\/accessibilitat\/"]}]},{"@type":"BreadcrumbList","@id":"https:\/\/www.pepmasias.cat\/accessibilitat\/#breadcrumb","itemListElement":[{"@type":"ListItem","position":1,"name":"Inici","item":"https:\/\/www.pepmasias.cat\/es\/"},{"@type":"ListItem","position":2,"name":"Accesibilidad"}]},{"@type":"WebSite","@id":"https:\/\/www.pepmasias.cat\/es\/#website","url":"https:\/\/www.pepmasias.cat\/es\/","name":"Pep Masias","description":"Productor i Documentalista","potentialAction":[{"@type":"SearchAction","target":{"@type":"EntryPoint","urlTemplate":"https:\/\/www.pepmasias.cat\/es\/?s={search_term_string}"},"query-input":"required name=search_term_string"}],"inLanguage":"es"}]}},"_links":{"self":[{"href":"https:\/\/www.pepmasias.cat\/es\/wp-json\/wp\/v2\/pages\/4867","targetHints":{"allow":["GET"]}}],"collection":[{"href":"https:\/\/www.pepmasias.cat\/es\/wp-json\/wp\/v2\/pages"}],"about":[{"href":"https:\/\/www.pepmasias.cat\/es\/wp-json\/wp\/v2\/types\/page"}],"author":[{"embeddable":true,"href":"https:\/\/www.pepmasias.cat\/es\/wp-json\/wp\/v2\/users\/1"}],"replies":[{"embeddable":true,"href":"https:\/\/www.pepmasias.cat\/es\/wp-json\/wp\/v2\/comments?post=4867"}],"version-history":[{"count":1,"href":"https:\/\/www.pepmasias.cat\/es\/wp-json\/wp\/v2\/pages\/4867\/revisions"}],"predecessor-version":[{"id":4868,"href":"https:\/\/www.pepmasias.cat\/es\/wp-json\/wp\/v2\/pages\/4867\/revisions\/4868"}],"wp:attachment":[{"href":"https:\/\/www.pepmasias.cat\/es\/wp-json\/wp\/v2\/media?parent=4867"}],"curies":[{"name":"wp","href":"https:\/\/api.w.org\/{rel}","templated":true}]}}