{"id":4970,"date":"2017-02-24T15:20:19","date_gmt":"2017-02-24T14:20:19","guid":{"rendered":"https:\/\/www.pepmasias.cat\/blog\/"},"modified":"2024-01-08T13:17:43","modified_gmt":"2024-01-08T12:17:43","slug":"blog","status":"publish","type":"page","link":"https:\/\/www.pepmasias.cat\/es\/blog\/","title":{"rendered":"BLOG"},"content":{"rendered":"<section class=\"wpb-content-wrapper\"><p>[vc_row][vc_column]<div class=\"eltdf-blog-list-holder eltdf-bl-standard eltdf-bl-three-columns eltdf-bl-normal-space eltdf-bl-pag-no-pagination\"  data-type=standard data-number-of-posts=-1 data-number-of-columns=3 data-space-between-columns=normal data-order-by=date data-order=ASC data-image-size=full data-title-tag=h3 data-excerpt-length=90 data-post-info-section=yes data-post-info-image=yes data-post-info-author=no data-post-info-date=yes data-post-info-category=yes data-post-info-comments=no data-post-info-like=no data-post-info-share=no data-pagination-type=no-pagination data-max-num-pages=0 data-next-page=2>\n\t<div class=\"eltdf-bl-wrapper\">\n\t\t<ul class=\"eltdf-blog-list\">\n\t\t\t<li class=\"eltdf-bl-item clearfix\">\n\t<div class=\"eltdf-bli-inner\">\n        \n\t<div class=\"eltdf-post-image\">\n        \t\t    <a itemprop=\"url\" href=\"https:\/\/www.pepmasias.cat\/es\/la-dimension-oculta-del-mar\/\" title=\"La dimensi\u00f3n oculta del mar\">\n                            <img loading=\"lazy\" decoding=\"async\" width=\"1300\" height=\"803\" src=\"https:\/\/www.pepmasias.cat\/wp-content\/uploads\/2017\/03\/La-dimension-oculta-del-mar.jpg\" class=\"attachment-full size-full wp-post-image\" alt=\"\" srcset=\"https:\/\/www.pepmasias.cat\/wp-content\/uploads\/2017\/03\/La-dimension-oculta-del-mar.jpg 1300w, https:\/\/www.pepmasias.cat\/wp-content\/uploads\/2017\/03\/La-dimension-oculta-del-mar-300x185.jpg 300w, https:\/\/www.pepmasias.cat\/wp-content\/uploads\/2017\/03\/La-dimension-oculta-del-mar-1024x633.jpg 1024w, https:\/\/www.pepmasias.cat\/wp-content\/uploads\/2017\/03\/La-dimension-oculta-del-mar-768x474.jpg 768w\" sizes=\"auto, (max-width: 1300px) 100vw, 1300px\" \/>                \t\t    <\/a>\n        \t<\/div>\n\n        <div class=\"eltdf-bli-content\">\n                            <div class=\"eltdf-bli-info\">\n                    <div class=\"eltdf-post-info-category\">\n    <a href=\"https:\/\/www.pepmasias.cat\/es\/category\/sin-categorizar\/\" rel=\"category tag\">Sin categorizar<\/a><\/div>                <\/div>\n            \n            \n<h3 itemprop=\"name\" class=\"entry-title eltdf-post-title\">\n            <a itemprop=\"url\" href=\"https:\/\/www.pepmasias.cat\/es\/la-dimension-oculta-del-mar\/\" title=\"La dimensi\u00f3n oculta del mar\">\n            La dimensi\u00f3n oculta del mar            <\/a>\n    <\/h3>            <div class=\"eltdf-bli-excerpt\">\n                    <div class=\"eltdf-post-excerpt-holder\">\n        <p itemprop=\"description\" class=\"eltdf-post-excerpt\">\n            Colaboraci\u00f3n con Ra\u00fal Roda en la producci\u00f3n de su documental sobre el mar.        <\/p>\n    <\/div>\n                <div itemprop=\"dateCreated\" class=\"eltdf-post-info-date entry-date published updated\">\n            <a itemprop=\"url\" href=\"https:\/\/www.pepmasias.cat\/es\/2021\/08\/\">\n    \n        agosto 2021        <\/a>\n    <meta itemprop=\"interactionCount\" content=\"UserComments: 0\"\/>\n<\/div>            <\/div>\n        <\/div>\n\t<\/div>\n<\/li><li class=\"eltdf-bl-item clearfix\">\n\t<div class=\"eltdf-bli-inner\">\n        \n\t<div class=\"eltdf-post-image\">\n        \t\t    <a itemprop=\"url\" href=\"https:\/\/www.pepmasias.cat\/es\/rodaje-para-el-museo-del-turron-y-el-chocolate\/\" title=\"Rodaje para el Museo del Turr\u00f3n y el Chocolate\">\n                            <img loading=\"lazy\" decoding=\"async\" width=\"1300\" height=\"731\" src=\"https:\/\/www.pepmasias.cat\/wp-content\/uploads\/2017\/03\/Torrons-Vicens1.jpg\" class=\"attachment-full size-full wp-post-image\" alt=\"\" srcset=\"https:\/\/www.pepmasias.cat\/wp-content\/uploads\/2017\/03\/Torrons-Vicens1.jpg 1300w, https:\/\/www.pepmasias.cat\/wp-content\/uploads\/2017\/03\/Torrons-Vicens1-300x169.jpg 300w, https:\/\/www.pepmasias.cat\/wp-content\/uploads\/2017\/03\/Torrons-Vicens1-1024x576.jpg 1024w, https:\/\/www.pepmasias.cat\/wp-content\/uploads\/2017\/03\/Torrons-Vicens1-768x432.jpg 768w\" sizes=\"auto, (max-width: 1300px) 100vw, 1300px\" \/>                \t\t    <\/a>\n        \t<\/div>\n\n        <div class=\"eltdf-bli-content\">\n                            <div class=\"eltdf-bli-info\">\n                    <div class=\"eltdf-post-info-category\">\n    <a href=\"https:\/\/www.pepmasias.cat\/es\/category\/sin-categorizar\/\" rel=\"category tag\">Sin categorizar<\/a><\/div>                <\/div>\n            \n            \n<h3 itemprop=\"name\" class=\"entry-title eltdf-post-title\">\n            <a itemprop=\"url\" href=\"https:\/\/www.pepmasias.cat\/es\/rodaje-para-el-museo-del-turron-y-el-chocolate\/\" title=\"Rodaje para el Museo del Turr\u00f3n y el Chocolate\">\n            Rodaje para el Museo del Turr\u00f3n y el Chocolate            <\/a>\n    <\/h3>            <div class=\"eltdf-bli-excerpt\">\n                    <div class=\"eltdf-post-excerpt-holder\">\n        <p itemprop=\"description\" class=\"eltdf-post-excerpt\">\n            Rodaje de los audiovisuales para el Museo del Turr\u00f3n y el Chocolate.        <\/p>\n    <\/div>\n                <div itemprop=\"dateCreated\" class=\"eltdf-post-info-date entry-date published updated\">\n            <a itemprop=\"url\" href=\"https:\/\/www.pepmasias.cat\/es\/2022\/11\/\">\n    \n        noviembre 2022        <\/a>\n    <meta itemprop=\"interactionCount\" content=\"UserComments: 0\"\/>\n<\/div>            <\/div>\n        <\/div>\n\t<\/div>\n<\/li><li class=\"eltdf-bl-item clearfix\">\n\t<div class=\"eltdf-bli-inner\">\n        \n\t<div class=\"eltdf-post-image\">\n        \t\t    <a itemprop=\"url\" href=\"https:\/\/www.pepmasias.cat\/es\/el-coleccionista-de-dvds\/\" title=\"El coleccionista de DVD&#8217;s\">\n                            <img loading=\"lazy\" decoding=\"async\" width=\"1300\" height=\"837\" src=\"https:\/\/www.pepmasias.cat\/wp-content\/uploads\/2023\/05\/Pep-Masias-Angie-Bach2.jpg\" class=\"attachment-full size-full wp-post-image\" alt=\"\" srcset=\"https:\/\/www.pepmasias.cat\/wp-content\/uploads\/2023\/05\/Pep-Masias-Angie-Bach2.jpg 1300w, https:\/\/www.pepmasias.cat\/wp-content\/uploads\/2023\/05\/Pep-Masias-Angie-Bach2-300x193.jpg 300w, https:\/\/www.pepmasias.cat\/wp-content\/uploads\/2023\/05\/Pep-Masias-Angie-Bach2-1024x659.jpg 1024w, https:\/\/www.pepmasias.cat\/wp-content\/uploads\/2023\/05\/Pep-Masias-Angie-Bach2-768x494.jpg 768w\" sizes=\"auto, (max-width: 1300px) 100vw, 1300px\" \/>                \t\t    <\/a>\n        \t<\/div>\n\n        <div class=\"eltdf-bli-content\">\n                            <div class=\"eltdf-bli-info\">\n                    <div class=\"eltdf-post-info-category\">\n    <a href=\"https:\/\/www.pepmasias.cat\/es\/category\/sin-categorizar\/\" rel=\"category tag\">Sin categorizar<\/a><\/div>                <\/div>\n            \n            \n<h3 itemprop=\"name\" class=\"entry-title eltdf-post-title\">\n            <a itemprop=\"url\" href=\"https:\/\/www.pepmasias.cat\/es\/el-coleccionista-de-dvds\/\" title=\"El coleccionista de DVD&#8217;s\">\n            El coleccionista de DVD&#8217;s            <\/a>\n    <\/h3>            <div class=\"eltdf-bli-excerpt\">\n                    <div class=\"eltdf-post-excerpt-holder\">\n        <p itemprop=\"description\" class=\"eltdf-post-excerpt\">\n            Colaboraci\u00f3n con la guionista Angie Bach.        <\/p>\n    <\/div>\n                <div itemprop=\"dateCreated\" class=\"eltdf-post-info-date entry-date published updated\">\n            <a itemprop=\"url\" href=\"https:\/\/www.pepmasias.cat\/es\/2023\/05\/\">\n    \n        mayo 2023        <\/a>\n    <meta itemprop=\"interactionCount\" content=\"UserComments: 0\"\/>\n<\/div>            <\/div>\n        <\/div>\n\t<\/div>\n<\/li><li class=\"eltdf-bl-item clearfix\">\n\t<div class=\"eltdf-bli-inner\">\n        \n\t<div class=\"eltdf-post-image\">\n        \t\t    <a itemprop=\"url\" href=\"https:\/\/www.pepmasias.cat\/es\/nicola-capo-apostol-del-naturismo\/\" title=\"Nicola Capo &#8211; Apostol del naturismo\">\n                            <img loading=\"lazy\" decoding=\"async\" width=\"1300\" height=\"731\" src=\"https:\/\/www.pepmasias.cat\/wp-content\/uploads\/2017\/03\/Nicola-Capo.jpg\" class=\"attachment-full size-full wp-post-image\" alt=\"\" srcset=\"https:\/\/www.pepmasias.cat\/wp-content\/uploads\/2017\/03\/Nicola-Capo.jpg 1300w, https:\/\/www.pepmasias.cat\/wp-content\/uploads\/2017\/03\/Nicola-Capo-300x169.jpg 300w, https:\/\/www.pepmasias.cat\/wp-content\/uploads\/2017\/03\/Nicola-Capo-1024x576.jpg 1024w, https:\/\/www.pepmasias.cat\/wp-content\/uploads\/2017\/03\/Nicola-Capo-768x432.jpg 768w\" sizes=\"auto, (max-width: 1300px) 100vw, 1300px\" \/>                \t\t    <\/a>\n        \t<\/div>\n\n        <div class=\"eltdf-bli-content\">\n                            <div class=\"eltdf-bli-info\">\n                    <div class=\"eltdf-post-info-category\">\n    <a href=\"https:\/\/www.pepmasias.cat\/es\/category\/sin-categorizar\/\" rel=\"category tag\">Sin categorizar<\/a><\/div>                <\/div>\n            \n            \n<h3 itemprop=\"name\" class=\"entry-title eltdf-post-title\">\n            <a itemprop=\"url\" href=\"https:\/\/www.pepmasias.cat\/es\/nicola-capo-apostol-del-naturismo\/\" title=\"Nicola Capo &#8211; Apostol del naturismo\">\n            Nicola Capo &#8211; Apostol del naturismo            <\/a>\n    <\/h3>            <div class=\"eltdf-bli-excerpt\">\n                    <div class=\"eltdf-post-excerpt-holder\">\n        <p itemprop=\"description\" class=\"eltdf-post-excerpt\">\n            Rodaje del documental sobre Nicola Capo, pionero del naturismo en Catalu\u00f1a.        <\/p>\n    <\/div>\n                <div itemprop=\"dateCreated\" class=\"eltdf-post-info-date entry-date published updated\">\n            <a itemprop=\"url\" href=\"https:\/\/www.pepmasias.cat\/es\/2023\/10\/\">\n    \n        octubre 2023        <\/a>\n    <meta itemprop=\"interactionCount\" content=\"UserComments: 0\"\/>\n<\/div>            <\/div>\n        <\/div>\n\t<\/div>\n<\/li><li class=\"eltdf-bl-item clearfix\">\n\t<div class=\"eltdf-bli-inner\">\n        \n\t<div class=\"eltdf-post-image\">\n        \t\t    <a itemprop=\"url\" href=\"https:\/\/www.pepmasias.cat\/es\/the-wisdom-of-wonder\/\" title=\"The wisdom of wonder\">\n                            <img loading=\"lazy\" decoding=\"async\" width=\"1300\" height=\"706\" src=\"https:\/\/www.pepmasias.cat\/wp-content\/uploads\/2017\/03\/The-Wisdom-of-Wonder-Eugenia-Balcells.jpg\" class=\"attachment-full size-full wp-post-image\" alt=\"\" srcset=\"https:\/\/www.pepmasias.cat\/wp-content\/uploads\/2017\/03\/The-Wisdom-of-Wonder-Eugenia-Balcells.jpg 1300w, https:\/\/www.pepmasias.cat\/wp-content\/uploads\/2017\/03\/The-Wisdom-of-Wonder-Eugenia-Balcells-300x163.jpg 300w, https:\/\/www.pepmasias.cat\/wp-content\/uploads\/2017\/03\/The-Wisdom-of-Wonder-Eugenia-Balcells-1024x556.jpg 1024w, https:\/\/www.pepmasias.cat\/wp-content\/uploads\/2017\/03\/The-Wisdom-of-Wonder-Eugenia-Balcells-768x417.jpg 768w\" sizes=\"auto, (max-width: 1300px) 100vw, 1300px\" \/>                \t\t    <\/a>\n        \t<\/div>\n\n        <div class=\"eltdf-bli-content\">\n                            <div class=\"eltdf-bli-info\">\n                    <div class=\"eltdf-post-info-category\">\n    <a href=\"https:\/\/www.pepmasias.cat\/es\/category\/sin-categorizar\/\" rel=\"category tag\">Sin categorizar<\/a><\/div>                <\/div>\n            \n            \n<h3 itemprop=\"name\" class=\"entry-title eltdf-post-title\">\n            <a itemprop=\"url\" href=\"https:\/\/www.pepmasias.cat\/es\/the-wisdom-of-wonder\/\" title=\"The wisdom of wonder\">\n            The wisdom of wonder            <\/a>\n    <\/h3>            <div class=\"eltdf-bli-excerpt\">\n                    <div class=\"eltdf-post-excerpt-holder\">\n        <p itemprop=\"description\" class=\"eltdf-post-excerpt\">\n            Producci\u00f3n de un documental sobre la artista Eug\u00e8nia Balcells.        <\/p>\n    <\/div>\n                <div itemprop=\"dateCreated\" class=\"eltdf-post-info-date entry-date published updated\">\n            <a itemprop=\"url\" href=\"https:\/\/www.pepmasias.cat\/es\/2023\/11\/\">\n    \n        noviembre 2023        <\/a>\n    <meta itemprop=\"interactionCount\" content=\"UserComments: 0\"\/>\n<\/div>            <\/div>\n        <\/div>\n\t<\/div>\n<\/li>\t\t<\/ul>\n\t<\/div>\n\t<\/div>[\/vc_column][\/vc_row]<\/p>\n<\/section>","protected":false},"excerpt":{"rendered":"<p>[vc_row][vc_column][\/vc_column][\/vc_row]<\/p>\n","protected":false},"author":1,"featured_media":0,"parent":0,"menu_order":0,"comment_status":"closed","ping_status":"closed","template":"blog-standard.php","meta":{"footnotes":""},"class_list":["post-4970","page","type-page","status-publish","hentry"],"yoast_head":"<!-- This site is optimized with the Yoast SEO plugin v23.0 - https:\/\/yoast.com\/wordpress\/plugins\/seo\/ -->\n<title>BLOG - Pep Masias<\/title>\n<meta name=\"description\" content=\"Aqu\u00ed encontrar\u00e9is informaci\u00f3n de las cosas que voy haciendo, y de los proyectos en los que me involucro\" \/>\n<meta name=\"robots\" content=\"index, follow, max-snippet:-1, max-image-preview:large, max-video-preview:-1\" \/>\n<link rel=\"canonical\" href=\"https:\/\/www.pepmasias.cat\/blog\/\" \/>\n<meta property=\"og:locale\" content=\"es_ES\" \/>\n<meta property=\"og:type\" content=\"article\" \/>\n<meta property=\"og:title\" content=\"BLOG - Pep Masias\" \/>\n<meta property=\"og:description\" content=\"Aqu\u00ed encontrar\u00e9is informaci\u00f3n de las cosas que voy haciendo, y de los proyectos en los que me involucro\" \/>\n<meta property=\"og:url\" content=\"https:\/\/www.pepmasias.cat\/blog\/\" \/>\n<meta property=\"og:site_name\" content=\"Pep Masias\" \/>\n<meta property=\"article:modified_time\" content=\"2024-01-08T12:17:43+00:00\" \/>\n<meta name=\"twitter:card\" content=\"summary_large_image\" \/>\n<meta name=\"twitter:label1\" content=\"Tiempo de lectura\" \/>\n\t<meta name=\"twitter:data1\" content=\"1 minuto\" \/>\n<script type=\"application\/ld+json\" class=\"yoast-schema-graph\">{\"@context\":\"https:\/\/schema.org\",\"@graph\":[{\"@type\":\"WebPage\",\"@id\":\"https:\/\/www.pepmasias.cat\/blog\/\",\"url\":\"https:\/\/www.pepmasias.cat\/blog\/\",\"name\":\"BLOG - Pep Masias\",\"isPartOf\":{\"@id\":\"https:\/\/www.pepmasias.cat\/es\/#website\"},\"datePublished\":\"2017-02-24T14:20:19+00:00\",\"dateModified\":\"2024-01-08T12:17:43+00:00\",\"description\":\"Aqu\u00ed encontrar\u00e9is informaci\u00f3n de las cosas que voy haciendo, y de los proyectos en los que me involucro\",\"breadcrumb\":{\"@id\":\"https:\/\/www.pepmasias.cat\/blog\/#breadcrumb\"},\"inLanguage\":\"es\",\"potentialAction\":[{\"@type\":\"ReadAction\",\"target\":[\"https:\/\/www.pepmasias.cat\/blog\/\"]}]},{\"@type\":\"BreadcrumbList\",\"@id\":\"https:\/\/www.pepmasias.cat\/blog\/#breadcrumb\",\"itemListElement\":[{\"@type\":\"ListItem\",\"position\":1,\"name\":\"Inici\",\"item\":\"https:\/\/www.pepmasias.cat\/es\/\"},{\"@type\":\"ListItem\",\"position\":2,\"name\":\"BLOG\"}]},{\"@type\":\"WebSite\",\"@id\":\"https:\/\/www.pepmasias.cat\/es\/#website\",\"url\":\"https:\/\/www.pepmasias.cat\/es\/\",\"name\":\"Pep Masias\",\"description\":\"Productor i Documentalista\",\"potentialAction\":[{\"@type\":\"SearchAction\",\"target\":{\"@type\":\"EntryPoint\",\"urlTemplate\":\"https:\/\/www.pepmasias.cat\/es\/?s={search_term_string}\"},\"query-input\":\"required name=search_term_string\"}],\"inLanguage\":\"es\"}]}<\/script>\n<!-- \/ Yoast SEO plugin. -->","yoast_head_json":{"title":"BLOG - Pep Masias","description":"Aqu\u00ed encontrar\u00e9is informaci\u00f3n de las cosas que voy haciendo, y de los proyectos en los que me involucro","robots":{"index":"index","follow":"follow","max-snippet":"max-snippet:-1","max-image-preview":"max-image-preview:large","max-video-preview":"max-video-preview:-1"},"canonical":"https:\/\/www.pepmasias.cat\/blog\/","og_locale":"es_ES","og_type":"article","og_title":"BLOG - Pep Masias","og_description":"Aqu\u00ed encontrar\u00e9is informaci\u00f3n de las cosas que voy haciendo, y de los proyectos en los que me involucro","og_url":"https:\/\/www.pepmasias.cat\/blog\/","og_site_name":"Pep Masias","article_modified_time":"2024-01-08T12:17:43+00:00","twitter_card":"summary_large_image","twitter_misc":{"Tiempo de lectura":"1 minuto"},"schema":{"@context":"https:\/\/schema.org","@graph":[{"@type":"WebPage","@id":"https:\/\/www.pepmasias.cat\/blog\/","url":"https:\/\/www.pepmasias.cat\/blog\/","name":"BLOG - Pep Masias","isPartOf":{"@id":"https:\/\/www.pepmasias.cat\/es\/#website"},"datePublished":"2017-02-24T14:20:19+00:00","dateModified":"2024-01-08T12:17:43+00:00","description":"Aqu\u00ed encontrar\u00e9is informaci\u00f3n de las cosas que voy haciendo, y de los proyectos en los que me involucro","breadcrumb":{"@id":"https:\/\/www.pepmasias.cat\/blog\/#breadcrumb"},"inLanguage":"es","potentialAction":[{"@type":"ReadAction","target":["https:\/\/www.pepmasias.cat\/blog\/"]}]},{"@type":"BreadcrumbList","@id":"https:\/\/www.pepmasias.cat\/blog\/#breadcrumb","itemListElement":[{"@type":"ListItem","position":1,"name":"Inici","item":"https:\/\/www.pepmasias.cat\/es\/"},{"@type":"ListItem","position":2,"name":"BLOG"}]},{"@type":"WebSite","@id":"https:\/\/www.pepmasias.cat\/es\/#website","url":"https:\/\/www.pepmasias.cat\/es\/","name":"Pep Masias","description":"Productor i Documentalista","potentialAction":[{"@type":"SearchAction","target":{"@type":"EntryPoint","urlTemplate":"https:\/\/www.pepmasias.cat\/es\/?s={search_term_string}"},"query-input":"required name=search_term_string"}],"inLanguage":"es"}]}},"_links":{"self":[{"href":"https:\/\/www.pepmasias.cat\/es\/wp-json\/wp\/v2\/pages\/4970","targetHints":{"allow":["GET"]}}],"collection":[{"href":"https:\/\/www.pepmasias.cat\/es\/wp-json\/wp\/v2\/pages"}],"about":[{"href":"https:\/\/www.pepmasias.cat\/es\/wp-json\/wp\/v2\/types\/page"}],"author":[{"embeddable":true,"href":"https:\/\/www.pepmasias.cat\/es\/wp-json\/wp\/v2\/users\/1"}],"replies":[{"embeddable":true,"href":"https:\/\/www.pepmasias.cat\/es\/wp-json\/wp\/v2\/comments?post=4970"}],"version-history":[{"count":2,"href":"https:\/\/www.pepmasias.cat\/es\/wp-json\/wp\/v2\/pages\/4970\/revisions"}],"predecessor-version":[{"id":5011,"href":"https:\/\/www.pepmasias.cat\/es\/wp-json\/wp\/v2\/pages\/4970\/revisions\/5011"}],"wp:attachment":[{"href":"https:\/\/www.pepmasias.cat\/es\/wp-json\/wp\/v2\/media?parent=4970"}],"curies":[{"name":"wp","href":"https:\/\/api.w.org\/{rel}","templated":true}]}}