{"id":4986,"date":"2017-02-27T14:12:40","date_gmt":"2017-02-27T13:12:40","guid":{"rendered":"https:\/\/www.pepmasias.cat\/contactar\/"},"modified":"2024-01-08T13:18:30","modified_gmt":"2024-01-08T12:18:30","slug":"contactar","status":"publish","type":"page","link":"https:\/\/www.pepmasias.cat\/es\/contactar\/","title":{"rendered":"CONTACTAR"},"content":{"rendered":"<section class=\"wpb-content-wrapper\"><p>[vc_row row_content_width=\u00bbgrid\u00bb css=\u00bb.vc_custom_1699027679994{padding-top: 40px !important;padding-bottom: 40px !important;}\u00bb][vc_column css=\u00bb.vc_custom_1488796227971{padding-right: 5% !important;}\u00bb offset=\u00bbvc_col-lg-6 vc_col-md-12&#8243;][vc_column_text]<span style=\"color: #737373; font-size: 17px;\">Me pod\u00e9is contactar por tel\u00e9fono, whatsapp o enviarme un mensaje a trav\u00e9s de esta p\u00e1gina.<\/span>[\/vc_column_text][vc_empty_space height=\u00bb20px\u00bb]<div class=\"eltdf-icon-list-holder\" style=\"margin-bottom: 30px\">\n\t<div class=\"eltdf-il-icon-holder\">\n\t\t<i class=\"eltdf-icon-font-awesome fa fa-whatsapp \" style=\"color: #0cc243;font-size: 25px\" ><\/i>\t<\/div>\n\t<p class=\"eltdf-il-text\" style=\"color: #000000;padding-left: 20px\">607 332 156<\/p>\n<\/div>[\/vc_column][vc_column offset=\u00bbvc_col-lg-6 vc_col-md-12&#8243;]\n<div class=\"wpcf7 no-js\" id=\"wpcf7-f4988-o1\" lang=\"ca\" dir=\"ltr\">\n<div class=\"screen-reader-response\"><p role=\"status\" aria-live=\"polite\" aria-atomic=\"true\"><\/p> <ul><\/ul><\/div>\n<form action=\"\/es\/wp-json\/wp\/v2\/pages\/4986#wpcf7-f4988-o1\" method=\"post\" class=\"wpcf7-form init\" aria-label=\"Formulari de contacte\" novalidate=\"novalidate\" data-status=\"init\">\n<div style=\"display: none;\">\n<input type=\"hidden\" name=\"_wpcf7\" value=\"4988\" \/>\n<input type=\"hidden\" name=\"_wpcf7_version\" value=\"5.9.6\" \/>\n<input type=\"hidden\" name=\"_wpcf7_locale\" value=\"ca\" \/>\n<input type=\"hidden\" name=\"_wpcf7_unit_tag\" value=\"wpcf7-f4988-o1\" \/>\n<input type=\"hidden\" name=\"_wpcf7_container_post\" value=\"0\" \/>\n<input type=\"hidden\" name=\"_wpcf7_posted_data_hash\" value=\"\" \/>\n<input type=\"hidden\" name=\"_wpcf7_recaptcha_response\" value=\"\" \/>\n<\/div>\n<p><span class=\"wpcf7-form-control-wrap\" data-name=\"your-name\"><input size=\"40\" maxlength=\"80\" class=\"wpcf7-form-control wpcf7-text wpcf7-validates-as-required\" aria-required=\"true\" aria-invalid=\"false\" placeholder=\"Nombre*\" value=\"\" type=\"text\" name=\"your-name\" \/><\/span><br \/>\n<span class=\"wpcf7-form-control-wrap\" data-name=\"your-email\"><input size=\"40\" maxlength=\"80\" class=\"wpcf7-form-control wpcf7-email wpcf7-text wpcf7-validates-as-email\" aria-invalid=\"false\" placeholder=\"Email*\" value=\"\" type=\"email\" name=\"your-email\" \/><\/span><br \/>\n<span class=\"wpcf7-form-control-wrap\" data-name=\"your-message\"><textarea cols=\"50\" rows=\"7\" maxlength=\"400\" class=\"wpcf7-form-control wpcf7-textarea wpcf7-validates-as-required\" aria-required=\"true\" aria-invalid=\"false\" placeholder=\"Mensaje*\" name=\"your-message\"><\/textarea><\/span>\n<\/p>\n<p><span class=\"wpcf7-form-control-wrap\" data-name=\"acceptance-587\"><span class=\"wpcf7-form-control wpcf7-acceptance\"><span class=\"wpcf7-list-item\"><input type=\"checkbox\" name=\"acceptance-587\" value=\"1\" aria-invalid=\"false\" \/><\/span><\/span><\/span>Declaro que acepto el <a href=\"https:\/\/www.pepmasias.cat\/es\/aviso-legal\/\" target=\"blank\" rel=\"nofollow\">aviso legal<\/a> y la <a href=\"https:\/\/www.pepmasias.cat\/es\/politica-de-privacidad\/\" target=\"blank\" rel=\"nofollow\">pol\u00edtica de privacidad<\/a>. (necesario)\n<\/p>\n<p>&nbsp;\n<\/p>\n<p><input class=\"wpcf7-form-control wpcf7-submit has-spinner\" type=\"submit\" value=\"Enviar\" \/>\n<\/p><div class=\"wpcf7-response-output\" aria-hidden=\"true\"><\/div>\n<\/form>\n<\/div>\n[\/vc_column][\/vc_row]<\/p>\n<\/section>","protected":false},"excerpt":{"rendered":"<p>[vc_row row_content_width=\u00bbgrid\u00bb css=\u00bb.vc_custom_1699027679994{padding-top: 40px !important;padding-bottom: 40px !important;}\u00bb][vc_column css=\u00bb.vc_custom_1488796227971{padding-right: 5% !important;}\u00bb offset=\u00bbvc_col-lg-6 vc_col-md-12&#8243;][vc_column_text]Me pod\u00e9is contactar por tel\u00e9fono, whatsapp o enviarme un mensaje a trav\u00e9s de esta p\u00e1gina.[\/vc_column_text][vc_empty_space height=\u00bb20px\u00bb][\/vc_column][vc_column offset=\u00bbvc_col-lg-6 vc_col-md-12&#8243;][\/vc_column][\/vc_row]<\/p>\n","protected":false},"author":1,"featured_media":0,"parent":0,"menu_order":0,"comment_status":"closed","ping_status":"closed","template":"full-width.php","meta":{"footnotes":""},"class_list":["post-4986","page","type-page","status-publish","hentry"],"yoast_head":"<!-- This site is optimized with the Yoast SEO plugin v23.0 - https:\/\/yoast.com\/wordpress\/plugins\/seo\/ -->\n<title>CONTACTAR - Pep Masias<\/title>\n<meta name=\"description\" content=\"Me pod\u00e9is contactar por tel\u00e9fono, whatsapp o enviarme un mensaje a trav\u00e9s de esta p\u00e1gina\" \/>\n<meta name=\"robots\" content=\"index, follow, max-snippet:-1, max-image-preview:large, max-video-preview:-1\" \/>\n<link rel=\"canonical\" href=\"https:\/\/www.pepmasias.cat\/contactar\/\" \/>\n<meta property=\"og:locale\" content=\"es_ES\" \/>\n<meta property=\"og:type\" content=\"article\" \/>\n<meta property=\"og:title\" content=\"CONTACTAR - Pep Masias\" \/>\n<meta property=\"og:description\" content=\"Me pod\u00e9is contactar por tel\u00e9fono, whatsapp o enviarme un mensaje a trav\u00e9s de esta p\u00e1gina\" \/>\n<meta property=\"og:url\" content=\"https:\/\/www.pepmasias.cat\/contactar\/\" \/>\n<meta property=\"og:site_name\" content=\"Pep Masias\" \/>\n<meta property=\"article:modified_time\" content=\"2024-01-08T12:18:30+00:00\" \/>\n<meta name=\"twitter:card\" content=\"summary_large_image\" \/>\n<meta name=\"twitter:label1\" content=\"Tiempo de lectura\" \/>\n\t<meta name=\"twitter:data1\" content=\"1 minuto\" \/>\n<script type=\"application\/ld+json\" class=\"yoast-schema-graph\">{\"@context\":\"https:\/\/schema.org\",\"@graph\":[{\"@type\":\"WebPage\",\"@id\":\"https:\/\/www.pepmasias.cat\/contactar\/\",\"url\":\"https:\/\/www.pepmasias.cat\/contactar\/\",\"name\":\"CONTACTAR - Pep Masias\",\"isPartOf\":{\"@id\":\"https:\/\/www.pepmasias.cat\/es\/#website\"},\"datePublished\":\"2017-02-27T13:12:40+00:00\",\"dateModified\":\"2024-01-08T12:18:30+00:00\",\"description\":\"Me pod\u00e9is contactar por tel\u00e9fono, whatsapp o enviarme un mensaje a trav\u00e9s de esta p\u00e1gina\",\"breadcrumb\":{\"@id\":\"https:\/\/www.pepmasias.cat\/contactar\/#breadcrumb\"},\"inLanguage\":\"es\",\"potentialAction\":[{\"@type\":\"ReadAction\",\"target\":[\"https:\/\/www.pepmasias.cat\/contactar\/\"]}]},{\"@type\":\"BreadcrumbList\",\"@id\":\"https:\/\/www.pepmasias.cat\/contactar\/#breadcrumb\",\"itemListElement\":[{\"@type\":\"ListItem\",\"position\":1,\"name\":\"Inici\",\"item\":\"https:\/\/www.pepmasias.cat\/es\/\"},{\"@type\":\"ListItem\",\"position\":2,\"name\":\"CONTACTAR\"}]},{\"@type\":\"WebSite\",\"@id\":\"https:\/\/www.pepmasias.cat\/es\/#website\",\"url\":\"https:\/\/www.pepmasias.cat\/es\/\",\"name\":\"Pep Masias\",\"description\":\"Productor i Documentalista\",\"potentialAction\":[{\"@type\":\"SearchAction\",\"target\":{\"@type\":\"EntryPoint\",\"urlTemplate\":\"https:\/\/www.pepmasias.cat\/es\/?s={search_term_string}\"},\"query-input\":\"required name=search_term_string\"}],\"inLanguage\":\"es\"}]}<\/script>\n<!-- \/ Yoast SEO plugin. -->","yoast_head_json":{"title":"CONTACTAR - Pep Masias","description":"Me pod\u00e9is contactar por tel\u00e9fono, whatsapp o enviarme un mensaje a trav\u00e9s de esta p\u00e1gina","robots":{"index":"index","follow":"follow","max-snippet":"max-snippet:-1","max-image-preview":"max-image-preview:large","max-video-preview":"max-video-preview:-1"},"canonical":"https:\/\/www.pepmasias.cat\/contactar\/","og_locale":"es_ES","og_type":"article","og_title":"CONTACTAR - Pep Masias","og_description":"Me pod\u00e9is contactar por tel\u00e9fono, whatsapp o enviarme un mensaje a trav\u00e9s de esta p\u00e1gina","og_url":"https:\/\/www.pepmasias.cat\/contactar\/","og_site_name":"Pep Masias","article_modified_time":"2024-01-08T12:18:30+00:00","twitter_card":"summary_large_image","twitter_misc":{"Tiempo de lectura":"1 minuto"},"schema":{"@context":"https:\/\/schema.org","@graph":[{"@type":"WebPage","@id":"https:\/\/www.pepmasias.cat\/contactar\/","url":"https:\/\/www.pepmasias.cat\/contactar\/","name":"CONTACTAR - Pep Masias","isPartOf":{"@id":"https:\/\/www.pepmasias.cat\/es\/#website"},"datePublished":"2017-02-27T13:12:40+00:00","dateModified":"2024-01-08T12:18:30+00:00","description":"Me pod\u00e9is contactar por tel\u00e9fono, whatsapp o enviarme un mensaje a trav\u00e9s de esta p\u00e1gina","breadcrumb":{"@id":"https:\/\/www.pepmasias.cat\/contactar\/#breadcrumb"},"inLanguage":"es","potentialAction":[{"@type":"ReadAction","target":["https:\/\/www.pepmasias.cat\/contactar\/"]}]},{"@type":"BreadcrumbList","@id":"https:\/\/www.pepmasias.cat\/contactar\/#breadcrumb","itemListElement":[{"@type":"ListItem","position":1,"name":"Inici","item":"https:\/\/www.pepmasias.cat\/es\/"},{"@type":"ListItem","position":2,"name":"CONTACTAR"}]},{"@type":"WebSite","@id":"https:\/\/www.pepmasias.cat\/es\/#website","url":"https:\/\/www.pepmasias.cat\/es\/","name":"Pep Masias","description":"Productor i Documentalista","potentialAction":[{"@type":"SearchAction","target":{"@type":"EntryPoint","urlTemplate":"https:\/\/www.pepmasias.cat\/es\/?s={search_term_string}"},"query-input":"required name=search_term_string"}],"inLanguage":"es"}]}},"_links":{"self":[{"href":"https:\/\/www.pepmasias.cat\/es\/wp-json\/wp\/v2\/pages\/4986","targetHints":{"allow":["GET"]}}],"collection":[{"href":"https:\/\/www.pepmasias.cat\/es\/wp-json\/wp\/v2\/pages"}],"about":[{"href":"https:\/\/www.pepmasias.cat\/es\/wp-json\/wp\/v2\/types\/page"}],"author":[{"embeddable":true,"href":"https:\/\/www.pepmasias.cat\/es\/wp-json\/wp\/v2\/users\/1"}],"replies":[{"embeddable":true,"href":"https:\/\/www.pepmasias.cat\/es\/wp-json\/wp\/v2\/comments?post=4986"}],"version-history":[{"count":2,"href":"https:\/\/www.pepmasias.cat\/es\/wp-json\/wp\/v2\/pages\/4986\/revisions"}],"predecessor-version":[{"id":4991,"href":"https:\/\/www.pepmasias.cat\/es\/wp-json\/wp\/v2\/pages\/4986\/revisions\/4991"}],"wp:attachment":[{"href":"https:\/\/www.pepmasias.cat\/es\/wp-json\/wp\/v2\/media?parent=4986"}],"curies":[{"name":"wp","href":"https:\/\/api.w.org\/{rel}","templated":true}]}}