{"id":4999,"date":"2024-01-03T10:12:34","date_gmt":"2024-01-03T09:12:34","guid":{"rendered":"https:\/\/www.pepmasias.cat\/mapa-web\/"},"modified":"2024-01-09T10:02:32","modified_gmt":"2024-01-09T09:02:32","slug":"mapa-web","status":"publish","type":"page","link":"https:\/\/www.pepmasias.cat\/es\/mapa-web\/","title":{"rendered":"Mapa web"},"content":{"rendered":"<div class=\"eltdf-page-content-holder eltdf-grid-col-12\">\n<div style=\"padding-bottom: 1em;\">\n<ul>\n<li><a class=\"\" href=\"https:\/\/www.pepmasias.cat\/es\"><span class=\"item_outer\"><span class=\"item_text\">INICIO<\/span><\/span><\/a><\/li>\n<li><a class=\"\" href=\"https:\/\/www.pepmasias.cat\/es\/sobre-mi\"><span class=\"item_outer\"><span class=\"item_text\">SOBRE MI<\/span><\/span><\/a><\/li>\n<li><a class=\"\" href=\"https:\/\/www.pepmasias.cat\/es\/documentales\"><span class=\"item_outer\"><span class=\"item_text\">DOCUMENTALES<\/span><\/span><\/a><\/li>\n<li><a class=\"\" href=\"https:\/\/www.pepmasias.cat\/es\/ficcion\"><span class=\"item_outer\"><span class=\"item_text\">FICCI\u00d3N<\/span><\/span><\/a><\/li>\n<li><a class=\"\" href=\"https:\/\/www.pepmasias.cat\/es\/museografia\"><span class=\"item_outer\"><span class=\"item_text\">MUSEOGRAF\u00cdA<\/span><\/span><\/a><\/li>\n<li><a class=\"\" href=\"https:\/\/www.pepmasias.cat\/es\/dibujos-animados\"><span class=\"item_outer\"><span class=\"item_text\">DIBUJOS ANIMADOS<\/span><\/span><\/a><\/li>\n<li><a class=\"\" href=\"https:\/\/www.pepmasias.cat\/es\/otros-trabajos\"><span class=\"item_outer\"><span class=\"item_text\">OTROS TRABAJOS<\/span><\/span><\/a><\/li>\n<li><a class=\"\" href=\"https:\/\/www.pepmasias.cat\/es\/docencia\"><span class=\"item_outer\"><span class=\"item_text\">DOCENCIA<\/span><\/span><\/a><\/li>\n<li><a class=\"\" href=\"https:\/\/www.pepmasias.cat\/es\/blog\"><span class=\"item_outer\"><span class=\"item_text\">BLOG<\/span><\/span><\/a><\/li>\n<li><a class=\"\" href=\"https:\/\/www.pepmasias.cat\/es\/contactar\"><span class=\"item_outer\"><span class=\"item_text\">CONTACTAR<\/span><\/span><\/a><\/li>\n<li><a class=\"\" href=\"https:\/\/www.pepmasias.cat\/es\/accesibilidad\"><span class=\"item_outer\"><span class=\"item_text\">ACCESIBILIDAD<\/span><\/span><\/a><\/li>\n<li><a class=\"\" href=\"https:\/\/www.pepmasias.cat\/es\/politica-de-privacidad-y-proteccion-de-datos\"><span class=\"item_outer\"><span class=\"item_text\">POL\u00cdTICA DE PRIVACIDAD Y PROTECCI\u00d3N DE DATOS<\/span><\/span><\/a><\/li>\n<li><a class=\"\" href=\"https:\/\/www.pepmasias.cat\/es\/aviso-legal\"><span class=\"item_outer\"><span class=\"item_text\">AVISO LEGAL<\/span><\/span><\/a><\/li>\n<li><a class=\"\" href=\"https:\/\/www.pepmasias.cat\/es\/politica-de-cookies\"><span class=\"item_outer\"><span class=\"item_text\">POL\u00cdTICA DE COOKIES<\/span><\/span><\/a><\/li>\n<li><a class=\"\" href=\"https:\/\/www.pepmasias.cat\/es\/mapa-web\"><span class=\"item_outer\"><span class=\"item_text\">MAPA WEB<\/span><\/span><\/a><\/li>\n<\/ul>\n<\/div>\n<\/div>\n","protected":false},"excerpt":{"rendered":"<p>INICIO SOBRE MI DOCUMENTALES FICCI\u00d3N MUSEOGRAF\u00cdA DIBUJOS ANIMADOS OTROS TRABAJOS DOCENCIA BLOG CONTACTAR ACCESIBILIDAD POL\u00cdTICA DE PRIVACIDAD Y PROTECCI\u00d3N DE DATOS AVISO LEGAL POL\u00cdTICA DE COOKIES MAPA WEB<\/p>\n","protected":false},"author":1,"featured_media":0,"parent":0,"menu_order":0,"comment_status":"closed","ping_status":"closed","template":"","meta":{"footnotes":""},"class_list":["post-4999","page","type-page","status-publish","hentry"],"yoast_head":"<!-- This site is optimized with the Yoast SEO plugin v23.0 - https:\/\/yoast.com\/wordpress\/plugins\/seo\/ -->\n<title>Mapa web - Pep Masias<\/title>\n<meta name=\"description\" content=\"Listado de las p\u00e1ginas web accesibles (mapa web) por los usuarios y buscadores\" \/>\n<meta name=\"robots\" content=\"index, follow, max-snippet:-1, max-image-preview:large, max-video-preview:-1\" \/>\n<link rel=\"canonical\" href=\"https:\/\/www.pepmasias.cat\/mapa-web\/\" \/>\n<meta property=\"og:locale\" content=\"es_ES\" \/>\n<meta property=\"og:type\" content=\"article\" \/>\n<meta property=\"og:title\" content=\"Mapa web - Pep Masias\" \/>\n<meta property=\"og:description\" content=\"Listado de las p\u00e1ginas web accesibles (mapa web) por los usuarios y buscadores\" \/>\n<meta property=\"og:url\" content=\"https:\/\/www.pepmasias.cat\/mapa-web\/\" \/>\n<meta property=\"og:site_name\" content=\"Pep Masias\" \/>\n<meta property=\"article:modified_time\" content=\"2024-01-09T09:02:32+00:00\" \/>\n<meta name=\"twitter:card\" content=\"summary_large_image\" \/>\n<meta name=\"twitter:label1\" content=\"Tiempo de lectura\" \/>\n\t<meta name=\"twitter:data1\" content=\"1 minuto\" \/>\n<script type=\"application\/ld+json\" class=\"yoast-schema-graph\">{\"@context\":\"https:\/\/schema.org\",\"@graph\":[{\"@type\":\"WebPage\",\"@id\":\"https:\/\/www.pepmasias.cat\/mapa-web\/\",\"url\":\"https:\/\/www.pepmasias.cat\/mapa-web\/\",\"name\":\"Mapa web - Pep Masias\",\"isPartOf\":{\"@id\":\"https:\/\/www.pepmasias.cat\/es\/#website\"},\"datePublished\":\"2024-01-03T09:12:34+00:00\",\"dateModified\":\"2024-01-09T09:02:32+00:00\",\"description\":\"Listado de las p\u00e1ginas web accesibles (mapa web) por los usuarios y buscadores\",\"breadcrumb\":{\"@id\":\"https:\/\/www.pepmasias.cat\/mapa-web\/#breadcrumb\"},\"inLanguage\":\"es\",\"potentialAction\":[{\"@type\":\"ReadAction\",\"target\":[\"https:\/\/www.pepmasias.cat\/mapa-web\/\"]}]},{\"@type\":\"BreadcrumbList\",\"@id\":\"https:\/\/www.pepmasias.cat\/mapa-web\/#breadcrumb\",\"itemListElement\":[{\"@type\":\"ListItem\",\"position\":1,\"name\":\"Inici\",\"item\":\"https:\/\/www.pepmasias.cat\/es\/\"},{\"@type\":\"ListItem\",\"position\":2,\"name\":\"Mapa web\"}]},{\"@type\":\"WebSite\",\"@id\":\"https:\/\/www.pepmasias.cat\/es\/#website\",\"url\":\"https:\/\/www.pepmasias.cat\/es\/\",\"name\":\"Pep Masias\",\"description\":\"Productor i Documentalista\",\"potentialAction\":[{\"@type\":\"SearchAction\",\"target\":{\"@type\":\"EntryPoint\",\"urlTemplate\":\"https:\/\/www.pepmasias.cat\/es\/?s={search_term_string}\"},\"query-input\":\"required name=search_term_string\"}],\"inLanguage\":\"es\"}]}<\/script>\n<!-- \/ Yoast SEO plugin. -->","yoast_head_json":{"title":"Mapa web - Pep Masias","description":"Listado de las p\u00e1ginas web accesibles (mapa web) por los usuarios y buscadores","robots":{"index":"index","follow":"follow","max-snippet":"max-snippet:-1","max-image-preview":"max-image-preview:large","max-video-preview":"max-video-preview:-1"},"canonical":"https:\/\/www.pepmasias.cat\/mapa-web\/","og_locale":"es_ES","og_type":"article","og_title":"Mapa web - Pep Masias","og_description":"Listado de las p\u00e1ginas web accesibles (mapa web) por los usuarios y buscadores","og_url":"https:\/\/www.pepmasias.cat\/mapa-web\/","og_site_name":"Pep Masias","article_modified_time":"2024-01-09T09:02:32+00:00","twitter_card":"summary_large_image","twitter_misc":{"Tiempo de lectura":"1 minuto"},"schema":{"@context":"https:\/\/schema.org","@graph":[{"@type":"WebPage","@id":"https:\/\/www.pepmasias.cat\/mapa-web\/","url":"https:\/\/www.pepmasias.cat\/mapa-web\/","name":"Mapa web - Pep Masias","isPartOf":{"@id":"https:\/\/www.pepmasias.cat\/es\/#website"},"datePublished":"2024-01-03T09:12:34+00:00","dateModified":"2024-01-09T09:02:32+00:00","description":"Listado de las p\u00e1ginas web accesibles (mapa web) por los usuarios y buscadores","breadcrumb":{"@id":"https:\/\/www.pepmasias.cat\/mapa-web\/#breadcrumb"},"inLanguage":"es","potentialAction":[{"@type":"ReadAction","target":["https:\/\/www.pepmasias.cat\/mapa-web\/"]}]},{"@type":"BreadcrumbList","@id":"https:\/\/www.pepmasias.cat\/mapa-web\/#breadcrumb","itemListElement":[{"@type":"ListItem","position":1,"name":"Inici","item":"https:\/\/www.pepmasias.cat\/es\/"},{"@type":"ListItem","position":2,"name":"Mapa web"}]},{"@type":"WebSite","@id":"https:\/\/www.pepmasias.cat\/es\/#website","url":"https:\/\/www.pepmasias.cat\/es\/","name":"Pep Masias","description":"Productor i Documentalista","potentialAction":[{"@type":"SearchAction","target":{"@type":"EntryPoint","urlTemplate":"https:\/\/www.pepmasias.cat\/es\/?s={search_term_string}"},"query-input":"required name=search_term_string"}],"inLanguage":"es"}]}},"_links":{"self":[{"href":"https:\/\/www.pepmasias.cat\/es\/wp-json\/wp\/v2\/pages\/4999","targetHints":{"allow":["GET"]}}],"collection":[{"href":"https:\/\/www.pepmasias.cat\/es\/wp-json\/wp\/v2\/pages"}],"about":[{"href":"https:\/\/www.pepmasias.cat\/es\/wp-json\/wp\/v2\/types\/page"}],"author":[{"embeddable":true,"href":"https:\/\/www.pepmasias.cat\/es\/wp-json\/wp\/v2\/users\/1"}],"replies":[{"embeddable":true,"href":"https:\/\/www.pepmasias.cat\/es\/wp-json\/wp\/v2\/comments?post=4999"}],"version-history":[{"count":3,"href":"https:\/\/www.pepmasias.cat\/es\/wp-json\/wp\/v2\/pages\/4999\/revisions"}],"predecessor-version":[{"id":5024,"href":"https:\/\/www.pepmasias.cat\/es\/wp-json\/wp\/v2\/pages\/4999\/revisions\/5024"}],"wp:attachment":[{"href":"https:\/\/www.pepmasias.cat\/es\/wp-json\/wp\/v2\/media?parent=4999"}],"curies":[{"name":"wp","href":"https:\/\/api.w.org\/{rel}","templated":true}]}}