{"id":5036,"date":"2023-12-28T12:58:27","date_gmt":"2023-12-28T11:58:27","guid":{"rendered":"https:\/\/www.pepmasias.cat\/politica-de-cookies\/"},"modified":"2024-01-31T12:08:28","modified_gmt":"2024-01-31T11:08:28","slug":"politica-de-cookies","status":"publish","type":"page","link":"https:\/\/www.pepmasias.cat\/es\/politica-de-cookies\/","title":{"rendered":"Pol\u00edtica de cookies"},"content":{"rendered":"<p>En la web www.pepmasias.cat (en adelante, el Sitio Web) utilizo cookies para facilitar la relaci\u00f3n de los visitantes con mi contenido y para permitir elaborar estad\u00edsticas sobre los visitantes que recibo.<\/p>\n<p>Le informo de que puedo utilizar cookies con el fin de facilitar su navegaci\u00f3n a trav\u00e9s del Sitio Web, distinguirlo de otros usuarios, proporcionarle una mejor experiencia en su uso, e identificar problemas para mejorar mi Sitio Web. Asimismo, en caso de que preste su consentimiento, utilizar\u00e9 cookies que me permitan obtener m\u00e1s informaci\u00f3n sobre sus preferencias y personalizar el Sitio Web de conformidad con sus intereses individuales.<\/p>\n<p>&nbsp;<\/p>\n<h3 class=\"western\"><strong>\u00bfQU\u00c9 SON LAS COOKIES?<\/strong><\/h3>\n<p>Se denominan cookies unos peque\u00f1os archivos que se graban en el navegador utilizado por cada visitante del Sitio Web para que el servidor pueda recordar la visita de este usuario con posterioridad cuando vuelva a acceder a mis contenidos. Esta informaci\u00f3n no revela su identidad, ni ning\u00fan dato personal, ni accede al contenido almacenado en su pc, pero s\u00ed permite a mi sistema identificarle como un usuario determinado que ya visit\u00f3 la web con anterioridad, visualiz\u00f3 determinadas p\u00e1ginas , etc., y adem\u00e1s permite guardar sus preferencias personales e informaci\u00f3n t\u00e9cnica como por ejemplo las visitas realizadas o p\u00e1ginas concretas que visite.<\/p>\n<p>En cumplimiento de la Directiva 2009\/136\/CE, desarrollada en nuestro ordenamiento por el apartado segundo del art\u00edculo 22 de la Ley de Servicios de Sociedad de la Informaci\u00f3n, siguiendo las directrices de la Agencia Espa\u00f1ola de Protecci\u00f3n de Datos, procedo a informarle detalladamente del uso que se realiza en el Sitio Web.<\/p>\n<p>Esta pol\u00edtica de cookies tiene por finalidad informarle de forma clara y precisa sobre las cookies que se utilizan en el Sitio Web (la \u201cPol\u00edtica de Cookies\u201d). Respecto a las cookies de terceros, es decir, aquellas que son ajenas al Sitio Web, no puedo hacerme responsable del contenido y veracidad de las pol\u00edticas de privacidad que incluyen, de modo que la informaci\u00f3n que le ofrezco es siempre en referencia a la fuente.<\/p>\n<p>A continuaci\u00f3n, se realiza una clasificaci\u00f3n de cookies en funci\u00f3n de una serie de categor\u00edas. Sin embargo, es necesario tener en cuenta que una misma cookie puede estar incluida en m\u00e1s de una categor\u00eda.<\/p>\n<p>&nbsp;<\/p>\n<h3 class=\"western\"><strong>TIPOS DE COOKIES<\/strong><\/h3>\n<p>\u2013 Cookies propias: Son aquellas que se env\u00edan al equipo terminal del usuario desde un equipo o dominio gestionado por el propio editor y desde el que se presta el servicio solicitado por el usuario.<\/p>\n<p>\u2013 Cookies de terceros: Son aquellas que se env\u00edan al equipo terminal del usuario desde un equipo o dominio que no es gestionado por el editor, sino por otra entidad que trata los datos.<\/p>\n<p>\u2013 Cookies de sesi\u00f3n: Son un tipo de cookies dise\u00f1adas para recabar y almacenar datos mientras el usuario accede a una p\u00e1gina web.<\/p>\n<p>\u2013 Cookies persistents: S\u00f3n un tipus de cookies en el qual les dades segueixen emmagatzemades en el terminal s\u2019hi poden accedir i tractar durant un per\u00edode definit pel responsable de la cookie, i que pot anar d\u2019uns minuts a diversos anys.<\/p>\n<p>\u2013 Cookies persistentes: Son un tipo de cookies en el que los datos siguen almacenados en el terminal se pueden acceder y tratar durante un per\u00edodo definido por el responsable de la cookie, y que puede ir de unos minutos a varios a\u00f1os.<\/p>\n<p>\u2013 Cookies t\u00e9cnicas: Son aquellas que permiten al usuario la navegaci\u00f3n a trav\u00e9s de una p\u00e1gina web, plataforma o aplicaci\u00f3n y la utilizaci\u00f3n de las diferentes opciones o servicios que existan, como, por ejemplo, controlar el tr\u00e1fico y la comunicaci\u00f3n de datos, identificar la sesi\u00f3n, acceder a partes de acceso restringido, recordar los elementos que integran un pedido, realizar el proceso de compra de un pedido, realizar la solicitud de inscripci\u00f3n o participaci\u00f3n en un evento, utilizar elementos de seguridad durante la navegaci\u00f3n, almacenar contenidos para la difusi\u00f3n de v\u00eddeos o sonido, o compartir contenidos a trav\u00e9s de redes sociales.<\/p>\n<p>\u2013 Cookies de personalizaci\u00f3n: Son aquellas que permiten al usuario acceder al servicio con algunas caracter\u00edsticas de car\u00e1cter general predefinidas en funci\u00f3n de una serie de criterios en el terminal del usuario como por ejemplo el idioma, el tipo de navegador en a trav\u00e9s del c\u00f3mo accede al servicio, la configuraci\u00f3n regional desde donde accede al servicio, etc.<br \/>\n\u2013 Cookies de an\u00e1lisis: Son aquellas que permiten a su responsable el seguimiento y an\u00e1lisis del comportamiento de los usuarios de los sitios web a los que est\u00e1n vinculadas. La informaci\u00f3n recogida mediante este tipo de cookies se utiliza en la medici\u00f3n de la actividad de los sitios web, aplicaci\u00f3n o plataforma y para la elaboraci\u00f3n de perfiles de navegaci\u00f3n de los usuarios de estos sitios, aplicaciones y plataformas, con la finalidad de introducir mejoras en funci\u00f3n del an\u00e1lisis de los datos de uso que realizan los usuarios del servicio.<\/p>\n<p>Respecto al tratamiento de datos recabados a trav\u00e9s de las cookies de an\u00e1lisis, aunque no est\u00e1n exentas del deber de obtener un consentimiento informado para su uso, es poco probable que representen un riesgo para la privacidad de los usuarios siempre que se trate de cookies de primera parte, que traten datos agregados con una finalidad estrictamente estad\u00edstica, que se facilite informaci\u00f3n sobre su uso y se incluya la posibilidad de que los usuarios manifiesten su negativa sobre su utilizaci\u00f3n.<\/p>\n<p>\u2013 Cookies publicitarias: Son aquellas que permiten la gesti\u00f3n, de la forma m\u00e1s eficaz posible, de los espacios publicitarios que, en su caso, el editor haya incluido en una p\u00e1gina web, aplicaci\u00f3n o plataforma desde la que presta el servicio solicitado sobre la base de criterios como el contenido editado o la frecuencia en la que se muestran los anuncios.<\/p>\n<p>\u2013 Cookies de publicidad comportamental: Son aquellas que permiten la gesti\u00f3n, de la forma m\u00e1s eficaz posible, de los espacios publicitarios que, en su caso, el editor haya incluido en una p\u00e1gina web, aplicaci\u00f3n o plataforma desde la que presta el servicio s\u00f3lo licidad. Estas cookies almacenan informaci\u00f3n del comportamiento de los usuarios obtenida a trav\u00e9s de la continua observaci\u00f3n de sus h\u00e1bitos de navegaci\u00f3n, lo que permite desarrollar un perfil espec\u00edfico para mostrar publicidad en funci\u00f3n del mismo.<\/p>\n<p>Actualmente, la mayor\u00eda de los navegadores vienen configurados por defecto para bloquear la instalaci\u00f3n de cookies de publicidad o terceros en su equipo. El usuario puede ampliar las restricciones de origen, impidiendo la entrada de cualquier tipo de cookie, o eliminar estas restricciones, aceptando la entrada de cualquier tipo de cookies. Si est\u00e1 interesado en admitir cookies de publicidad o de terceros, podr\u00e1 configurar su navegador para tal fin.<\/p>\n<p>La aceptaci\u00f3n realizada por el usuario, haciendo clic en el bot\u00f3n de ACEPTAR mostrado en la informaci\u00f3n inicial sobre cookies, implica que est\u00e1 consintiendo expresamente al responsable su utilizaci\u00f3n, pudiendo ejercer sus derechos y revocar su consentimiento en cualquier momento, a trav\u00e9s de una solicitud a Pep Masias.<\/p>\n<p>A continuaci\u00f3n le informo detalladamente de todas las cookies que podr\u00edan llegar a instalarse desde el Sitio Web. En funci\u00f3n de su navegaci\u00f3n, de la configuraci\u00f3n de su navegador y de la aceptaci\u00f3n o rechazo de las mismas, podr\u00e1n instalarse todas o s\u00f3lo algunas de ellas:<\/p>\n<p>&nbsp;<\/p>\n<table style=\"height: 302px;\" width=\"913\" cellspacing=\"0\" cellpadding=\"2\">\n<colgroup>\n<col width=\"102\" \/>\n<col width=\"116\" \/>\n<col width=\"194\" \/><\/colgroup>\n<tbody>\n<tr valign=\"top\">\n<td width=\"102\">\n<p style=\"text-align: left;\" align=\"center\"><b>Nombre Cookie<\/b><\/p>\n<\/td>\n<td width=\"116\">\n<p style=\"text-align: left;\" align=\"center\"><b>Finalidad<\/b><\/p>\n<\/td>\n<td width=\"194\">\n<p style=\"text-align: left;\" align=\"center\"><b>M\u00e1s info<\/b><\/p>\n<\/td>\n<\/tr>\n<tr valign=\"top\">\n<td width=\"102\">\n<p style=\"text-align: left;\" align=\"left\">Google Analytics<\/p>\n<\/td>\n<td width=\"116\">\n<p style=\"text-align: left;\" align=\"left\"><strong>Herramienta para la medici\u00f3n y el an\u00e1lisis<\/strong> de los h\u00e1bitos de navegaci\u00f3n en este sitio web<\/p>\n<\/td>\n<td width=\"194\">\n<p style=\"text-align: left;\" align=\"left\">Cookie de terceros<\/p>\n<\/td>\n<\/tr>\n<\/tbody>\n<\/table>\n<p>&nbsp;<\/p>\n<p>Es posible que actualicemos la Pol\u00edtica de Cookies del Sitio Web, por eso le recomendamos revisar esta pol\u00edtica cada vez que acceda al Sitio Web con el objetivo de estar adecuadamente informado sobre c\u00f3mo y por qu\u00e9 uso las cookies.<\/p>\n<p>La finalidad de las cookies es facilitar al Usuario un acceso m\u00e1s r\u00e1pido a los Servicios seleccionados.<\/p>\n<p>Si no desea que se guarden cookies en su navegador o prefiera recibir una informaci\u00f3n cada vez que una cookie solicite instalarse, puede configurar sus opciones de navegaci\u00f3n para que se haga de esta forma. La mayor parte de los navegadores permiten la gesti\u00f3n de las cookies de 3 formas distintas:<\/p>\n<p>\u2013 Las cookies son siempre rechazadas;<br \/>\n\u2013 El navegador pregunta si el usuario desea instalar cada cookie;<br \/>\n\u2013 Las cookies son siempre aceptadas;<\/p>\n<p>Su navegador tambi\u00e9n puede incluir la posibilidad de seleccionar con detalle las cookies que desea que se instalen en su ordenador. En concreto, el usuario puede normalmente aceptar alguna de las siguientes opciones:<\/p>\n<p>\u2013 Rechazar las cookies de determinados dominios;<\/p>\n<p>\u2013 Rechazar las cookies de terceros;<\/p>\n<p>\u2013 Aceptar cookies como no persistentes (se eliminan cuando el navegador se cierra);<\/p>\n<p>\u2013 Permitir al servidor crear cookies para un dominio distinto.<\/p>\n<p>Para permitir, conocer, bloquear o eliminar las cookies instaladas en su equipo puede hacerlo mediante la configuraci\u00f3n de las opciones del navegador instalado en su ordenador.<\/p>\n<p>Puede encontrar informaci\u00f3n sobre c\u00f3mo configurar los navegadores m\u00e1s usados en las siguientes ubicaciones:<\/p>\n<p>&#8211; Internet Explorer: Herramientas -&gt; Opciones de Internet -&gt; Privacidad -&gt; Configuraci\u00f3n. Para m\u00e1s informaci\u00f3n, puede consultar el soporte de Microsoft o la Ayuda del navegador.<br \/>\n&#8211; Firefox: Herramientas -&gt; Opciones -&gt; Privacidad -&gt; Historial -&gt; Configuraci\u00f3n Personalizada. Para m\u00e1s informaci\u00f3n, puede consultar el soporte de Mozilla o la Ayuda del navegador.<br \/>\n&#8211; Chrome: Configuraci\u00f3n -&gt; Mostrar opciones avanzadas -&gt; Privacidad -&gt; Configuraci\u00f3n de contenido. Para m\u00e1s informaci\u00f3n, puede consultar el soporte de Google o la Ayuda del navegador.<br \/>\n&#8211; Safari: Preferencias -&gt; Seguridad. Para m\u00e1s informaci\u00f3n, puede consultar el soporte de Apple o la Ayuda del navegador.<\/p>\n","protected":false},"excerpt":{"rendered":"<p>En la web www.pepmasias.cat (en adelante, el Sitio Web) utilizo cookies para facilitar la relaci\u00f3n de los visitantes con mi contenido y para permitir elaborar estad\u00edsticas sobre los visitantes que [&hellip;]<\/p>\n","protected":false},"author":1,"featured_media":0,"parent":0,"menu_order":0,"comment_status":"closed","ping_status":"closed","template":"","meta":{"footnotes":""},"class_list":["post-5036","page","type-page","status-publish","hentry"],"yoast_head":"<!-- This site is optimized with the Yoast SEO plugin v23.0 - https:\/\/yoast.com\/wordpress\/plugins\/seo\/ -->\n<title>Pol\u00edtica de cookies - Pep Masias<\/title>\n<meta name=\"robots\" content=\"index, follow, max-snippet:-1, max-image-preview:large, max-video-preview:-1\" \/>\n<link rel=\"canonical\" href=\"https:\/\/www.pepmasias.cat\/politica-de-cookies\/\" \/>\n<meta property=\"og:locale\" content=\"es_ES\" \/>\n<meta property=\"og:type\" content=\"article\" \/>\n<meta property=\"og:title\" content=\"Pol\u00edtica de cookies - Pep Masias\" \/>\n<meta property=\"og:description\" content=\"En la web www.pepmasias.cat (en adelante, el Sitio Web) utilizo cookies para facilitar la relaci\u00f3n de los visitantes con mi contenido y para permitir elaborar estad\u00edsticas sobre los visitantes que [&hellip;]\" \/>\n<meta property=\"og:url\" content=\"https:\/\/www.pepmasias.cat\/politica-de-cookies\/\" \/>\n<meta property=\"og:site_name\" content=\"Pep Masias\" \/>\n<meta property=\"article:modified_time\" content=\"2024-01-31T11:08:28+00:00\" \/>\n<meta name=\"twitter:card\" content=\"summary_large_image\" \/>\n<meta name=\"twitter:label1\" content=\"Tiempo de lectura\" \/>\n\t<meta name=\"twitter:data1\" content=\"9 minutos\" \/>\n<script type=\"application\/ld+json\" class=\"yoast-schema-graph\">{\"@context\":\"https:\/\/schema.org\",\"@graph\":[{\"@type\":\"WebPage\",\"@id\":\"https:\/\/www.pepmasias.cat\/politica-de-cookies\/\",\"url\":\"https:\/\/www.pepmasias.cat\/politica-de-cookies\/\",\"name\":\"Pol\u00edtica de cookies - Pep Masias\",\"isPartOf\":{\"@id\":\"https:\/\/www.pepmasias.cat\/es\/#website\"},\"datePublished\":\"2023-12-28T11:58:27+00:00\",\"dateModified\":\"2024-01-31T11:08:28+00:00\",\"breadcrumb\":{\"@id\":\"https:\/\/www.pepmasias.cat\/politica-de-cookies\/#breadcrumb\"},\"inLanguage\":\"es\",\"potentialAction\":[{\"@type\":\"ReadAction\",\"target\":[\"https:\/\/www.pepmasias.cat\/politica-de-cookies\/\"]}]},{\"@type\":\"BreadcrumbList\",\"@id\":\"https:\/\/www.pepmasias.cat\/politica-de-cookies\/#breadcrumb\",\"itemListElement\":[{\"@type\":\"ListItem\",\"position\":1,\"name\":\"Inici\",\"item\":\"https:\/\/www.pepmasias.cat\/es\/\"},{\"@type\":\"ListItem\",\"position\":2,\"name\":\"Pol\u00edtica de cookies\"}]},{\"@type\":\"WebSite\",\"@id\":\"https:\/\/www.pepmasias.cat\/es\/#website\",\"url\":\"https:\/\/www.pepmasias.cat\/es\/\",\"name\":\"Pep Masias\",\"description\":\"Productor i Documentalista\",\"potentialAction\":[{\"@type\":\"SearchAction\",\"target\":{\"@type\":\"EntryPoint\",\"urlTemplate\":\"https:\/\/www.pepmasias.cat\/es\/?s={search_term_string}\"},\"query-input\":\"required name=search_term_string\"}],\"inLanguage\":\"es\"}]}<\/script>\n<!-- \/ Yoast SEO plugin. -->","yoast_head_json":{"title":"Pol\u00edtica de cookies - Pep Masias","robots":{"index":"index","follow":"follow","max-snippet":"max-snippet:-1","max-image-preview":"max-image-preview:large","max-video-preview":"max-video-preview:-1"},"canonical":"https:\/\/www.pepmasias.cat\/politica-de-cookies\/","og_locale":"es_ES","og_type":"article","og_title":"Pol\u00edtica de cookies - Pep Masias","og_description":"En la web www.pepmasias.cat (en adelante, el Sitio Web) utilizo cookies para facilitar la relaci\u00f3n de los visitantes con mi contenido y para permitir elaborar estad\u00edsticas sobre los visitantes que [&hellip;]","og_url":"https:\/\/www.pepmasias.cat\/politica-de-cookies\/","og_site_name":"Pep Masias","article_modified_time":"2024-01-31T11:08:28+00:00","twitter_card":"summary_large_image","twitter_misc":{"Tiempo de lectura":"9 minutos"},"schema":{"@context":"https:\/\/schema.org","@graph":[{"@type":"WebPage","@id":"https:\/\/www.pepmasias.cat\/politica-de-cookies\/","url":"https:\/\/www.pepmasias.cat\/politica-de-cookies\/","name":"Pol\u00edtica de cookies - Pep Masias","isPartOf":{"@id":"https:\/\/www.pepmasias.cat\/es\/#website"},"datePublished":"2023-12-28T11:58:27+00:00","dateModified":"2024-01-31T11:08:28+00:00","breadcrumb":{"@id":"https:\/\/www.pepmasias.cat\/politica-de-cookies\/#breadcrumb"},"inLanguage":"es","potentialAction":[{"@type":"ReadAction","target":["https:\/\/www.pepmasias.cat\/politica-de-cookies\/"]}]},{"@type":"BreadcrumbList","@id":"https:\/\/www.pepmasias.cat\/politica-de-cookies\/#breadcrumb","itemListElement":[{"@type":"ListItem","position":1,"name":"Inici","item":"https:\/\/www.pepmasias.cat\/es\/"},{"@type":"ListItem","position":2,"name":"Pol\u00edtica de cookies"}]},{"@type":"WebSite","@id":"https:\/\/www.pepmasias.cat\/es\/#website","url":"https:\/\/www.pepmasias.cat\/es\/","name":"Pep Masias","description":"Productor i Documentalista","potentialAction":[{"@type":"SearchAction","target":{"@type":"EntryPoint","urlTemplate":"https:\/\/www.pepmasias.cat\/es\/?s={search_term_string}"},"query-input":"required name=search_term_string"}],"inLanguage":"es"}]}},"_links":{"self":[{"href":"https:\/\/www.pepmasias.cat\/es\/wp-json\/wp\/v2\/pages\/5036","targetHints":{"allow":["GET"]}}],"collection":[{"href":"https:\/\/www.pepmasias.cat\/es\/wp-json\/wp\/v2\/pages"}],"about":[{"href":"https:\/\/www.pepmasias.cat\/es\/wp-json\/wp\/v2\/types\/page"}],"author":[{"embeddable":true,"href":"https:\/\/www.pepmasias.cat\/es\/wp-json\/wp\/v2\/users\/1"}],"replies":[{"embeddable":true,"href":"https:\/\/www.pepmasias.cat\/es\/wp-json\/wp\/v2\/comments?post=5036"}],"version-history":[{"count":5,"href":"https:\/\/www.pepmasias.cat\/es\/wp-json\/wp\/v2\/pages\/5036\/revisions"}],"predecessor-version":[{"id":5073,"href":"https:\/\/www.pepmasias.cat\/es\/wp-json\/wp\/v2\/pages\/5036\/revisions\/5073"}],"wp:attachment":[{"href":"https:\/\/www.pepmasias.cat\/es\/wp-json\/wp\/v2\/media?parent=5036"}],"curies":[{"name":"wp","href":"https:\/\/api.w.org\/{rel}","templated":true}]}}