{"id":5037,"date":"2023-10-03T13:17:30","date_gmt":"2023-10-03T11:17:30","guid":{"rendered":"https:\/\/www.pepmasias.cat\/politica-de-privadesa\/"},"modified":"2024-01-29T13:33:20","modified_gmt":"2024-01-29T12:33:20","slug":"politica-de-privacidad","status":"publish","type":"page","link":"https:\/\/www.pepmasias.cat\/es\/politica-de-privacidad\/","title":{"rendered":"Pol\u00edtica de privacidad"},"content":{"rendered":"<section class=\"wpb-content-wrapper\"><p>[vc_row css=\u00bb.vc_custom_1702489383224{margin-bottom: 60px !important;}\u00bb][vc_column][vc_column_text]En el marco de la relaci\u00f3n de prestaci\u00f3n de servicios en el \u00e1mbito de la Ley Org\u00e1nica 15\/1999, de 13 de diciembre, de Protecci\u00f3n de Datos de Car\u00e1cter Personal (en adelante, LOPD), del Real Decreto 1720\/2007, de 21 de diciembre, por el que se aprueba el Reglamento de desarrollo de la misma, as\u00ed como en el Reglamento (UE) 2016\/679 del Parlamento Europeo y del Consejo, de 27 de abril de 2016, relativo a la protecci\u00f3n de las personas f\u00edsicas en lo que se refiere al tratamiento de datos personales, por el que se deroga la directiva 95\/46\/CE (en adelante, RGPD) y de la Ley 34\/2002, de 11 de julio, de servicios de la sociedad de la informaci\u00f3n y de comercio electr\u00f3nico (en adelante, LSSI-CE), Pep Masias Nabau garantiza la protecci\u00f3n y confidencialidad de los datos personales, de cualquier tipo que le proporcionen sus clientes, de acuerdo con lo dispuesto en el Reglamento General de Protecci\u00f3n de Datos de Car\u00e1cter Personal.<\/p>\n<p>La Pol\u00edtica de Protecci\u00f3n de Datos de Pep Masias Nabau descansa en el principio de responsabilidad proactiva, seg\u00fan el cual el Responsable del tratamiento es responsable del cumplimiento del marco normativo y jurisprudencial, siendo capaz de demostrarlo ante las correspondientes autoridades de control.<\/p>\n<p>Los datos facilitados ser\u00e1n tratados en los t\u00e9rminos establecidos en el RGPD, en este sentido Pep Masias Nabau ha adoptado los niveles de protecci\u00f3n que legalmente se exigen, y ha instalado todas las medidas t\u00e9cnicas a su alcance para evitar la p\u00e9rdida, mal uso, alteraci\u00f3n, acceso no autorizado por terceros, expuestos a continuaci\u00f3n. Sin embargo, el usuario debe ser consciente de que las medidas de seguridad en Internet no son inexpugnables.<\/p>\n<p>&nbsp;<\/p>\n<h3 class=\"western\"><strong>RESPONSABLE DEL TRATAMIENTO<\/strong><\/h3>\n<p>Denominaci\u00f3n: Pep Masias Nabau<br \/>\nNIF: 40316961P<br \/>\nDirecci\u00f3n: C\/ Val\u00e8ncia, 448 2-2, 08013 &#8211; Barcelona<br \/>\nTel\u00e9fono: 607 332 156<br \/>\nCorreo electr\u00f3nico: productor@pepmasias.cat<\/p>\n<p>&nbsp;<\/p>\n<h3 class=\"western\"><strong>FINALIDAD DEL TRATAMIENTO: \u00bfPARA QU\u00c9 UTILIZAR\u00c1 VUESTROS DATOS?<\/strong><\/h3>\n<p>Todos los datos facilitados por sus clientes y\/o visitantes de la web de Pep Masias Nabau, ser\u00e1n incluidos en el registro de actividades de tratamiento de datos de car\u00e1cter personal, creado y mantenido bajo la responsabilidad de Pep Masias Nabau, imprescindibles para prestar los servicios solicitados por los usuarios, o para resolver las dudas o cuestiones planteadas por sus visitantes. Su pol\u00edtica es no realizar perfiles sobre los usuarios de sus servicios.<\/p>\n<p>&nbsp;<\/p>\n<h3 class=\"western\"><strong>LEGITIMIDAD DEL TRATAMIENTO: \u00bfPARA QU\u00c9 NECESITA SUS DATOS?<\/strong><\/h3>\n<p>a) Relaci\u00f3n contractual: Es la que aplica cuando contrata alguno de sus servicios.<br \/>\nb) Inter\u00e9s leg\u00edtimo: Para atender las consultas y reclamaciones que le planteen y para gestionar el cobro de las cantidades adeudadas.<br \/>\nc) Su consentimiento: Si es usuario de su web, mediante la marcaci\u00f3n de la casilla que figura en el formulario de contacto, autoriza a Pep Masias que le remita las comunicaciones necesarias para dar respuesta a la consulta o solicitud de informaci\u00f3n planteada.<\/p>\n<p>&nbsp;<\/p>\n<h3 class=\"western\"><strong>DESTINATARIOS: \u00bfCON QUIEN COMPARTE SUS DATOS?<\/strong><\/h3>\n<p>No cede sus datos personales a nadie, a excepci\u00f3n de aquellas entidades p\u00fablicas o privadas a las que est\u00e9 obligado a facilitar sus datos personales con motivo del cumplimiento de alguna ley. Por poner un ejemplo, la Ley Tributaria obliga a facilitar a la Agencia Tributaria determinada informaci\u00f3n sobre operaciones econ\u00f3micas que superen una determinada cantidad.<\/p>\n<p>En caso de que, al margen de los supuestos comentados, necesite dar a conocer su informaci\u00f3n personal a otras entidades, le solicitar\u00e1 previamente su permiso a trav\u00e9s de opciones claras que le permitir\u00e1n decidir al respecto.<\/p>\n<p>&nbsp;<\/p>\n<h3 class=\"western\"><strong>COMUNICACI\u00d3N: \u00bfD\u00d3NDE PODR\u00cdA ENVIAR SUS DATOS?<\/strong><\/h3>\n<p>No har\u00e1 transferencias internacionales de sus datos personales para ninguna de las finalidades indicadas.<\/p>\n<p>&nbsp;<\/p>\n<h3 class=\"western\"><strong>CONSERVACI\u00d3N: \u00bfCU\u00c1NTO TIEMPO MANTENDER\u00c1 SUS DATOS?<\/strong><\/h3>\n<p>S\u00f3lo conservar\u00e1 sus datos personales durante el tiempo que resulte necesario para conseguir los fines para los que fueron recogidos. A la hora de determinar el per\u00edodo de conservaci\u00f3n oportuno, examinar\u00e1 los riesgos que comporta el tratamiento, as\u00ed como sus obligaciones contractuales, legales y normativas, las pol\u00edticas internas de conservaci\u00f3n de datos y sus leg\u00edtimos intereses de negocio descritos en este Aviso de Privacidad y Pol\u00edtica de galletas.<\/p>\n<p>En este sentido, Pep Masias Nabau conservar\u00e1 sus datos personales una vez terminada su relaci\u00f3n con usted, debidamente bloqueados, durante el plazo de prescripci\u00f3n de las acciones que puedan derivarse de la relaci\u00f3n mantenida con el interesado.<\/p>\n<p>Una vez bloqueados, sus datos resultar\u00e1n inaccesibles para Pep Masias Nabau, y no ser\u00e1n tratados salvo para la puesta a disposici\u00f3n de las administraciones p\u00fablicas, jueces y tribunales, para el cuidado de las posibles responsabilidades nacidas de los tratamientos, as\u00ed como para el ejercicio y defensa de reclamaciones ante la Agencia Espa\u00f1ola de Protecci\u00f3n de Datos.<\/p>\n<p>&nbsp;<\/p>\n<h3 class=\"western\"><strong>SEGURIDAD: \u00bfC\u00d3MO PROTEGER\u00c0 SUS DATOS?<\/strong><\/h3>\n<p>Har\u00e1 todos los esfuerzos razonables por mantener la confidencialidad de la informaci\u00f3n personal que se trate en sus sistemas. Mantendr\u00e1 estrictos niveles de seguridad para proteger los datos de car\u00e1cter personal que procesar\u00e1 frente a p\u00e9rdidas fortuitas y accesos, tratamientos o revelaciones no autorizados, teniendo en cuenta el estado de la tecnolog\u00eda, la naturaleza y los riesgos a los que est\u00e1n expuestos los datos. Sin embargo, no puede responsabilizarse del uso que haga de los datos (incluido usuario y contrase\u00f1a) que utiliza en nuestra web. Pep Masias sigue estrictas normas de privacidad y en caso de contratar a terceros para prestar servicios de apoyo, les exigir\u00e1 que acaten las mismas normas y que le permitan auditarlos para verificar su cumplimiento.<\/p>\n<p>&nbsp;<\/p>\n<h3 class=\"western\"><strong>SUS DERECHOS: \u00bfQU\u00c9 DERECHOS PUEDE EJERCER COMO INTERESADO?<\/strong><\/h3>\n<p>Pep Masias le informa de que podr\u00e1 ejercer los siguientes derechos:<br \/>\nDerecho de acceso a sus datos personales, para saber cu\u00e1les est\u00e1n siendo objeto de tratamiento y las operaciones de tratamiento llevadas a cabo con ellas;<br \/>\nDerecho de rectificaci\u00f3n de cualquier dato personal inexacto;<br \/>\nDerecho de supresi\u00f3n de sus datos personales, cuando esto sea posible (por ejemplo, por imperativo legal);<br \/>\nDerecho de limitaci\u00f3n del tratamiento de sus datos personales cuando la exactitud, legalidad o necesidad del tratamiento de los datos resulte dudosa, y en este caso, podremos conservarlos para el ejercicio o la defensa de reclamaciones.<br \/>\nDerecho de oposici\u00f3n al tratamiento de sus datos personales, cuando la base legal que le habilite para su tratamiento de las indicadas sea su inter\u00e9s leg\u00edtimo. Pep Masias Nabau dejar\u00e1 de tratar sus datos a menos que tenga un inter\u00e9s leg\u00edtimo o sea necesario para la defensa de reclamaciones.<\/p>\n<p>Derecho a la portabilidad de sus datos, cuando la base legal que le habilite para su tratamiento sea la existencia de una relaci\u00f3n contractual o su consentimiento.<br \/>\nDerecho a revocar el consentimiento otorgado a Pep Masias Nabau<br \/>\nPara ejercitar sus derechos, puede hacerlo de forma gratuita y en cualquier momento, contactando con Pep Masias, adjuntando copia de su DNI.<\/p>\n<p>&nbsp;<\/p>\n<h3 class=\"western\"><strong>TUTELA DE DERECHOS: \u00bfD\u00d3NDE PUEDE FORMULAR UNA RECLAMACI\u00d3N?<\/strong><\/h3>\n<p>En caso de que piense que sus derechos han sido desatendidos por Pep Masias, puede formular una reclamaci\u00f3n a la Agencia Espa\u00f1ola de Protecci\u00f3n de Datos, a trav\u00e9s de alguno de los siguientes medios:<\/p>\n<p>\u2013 Sede electr\u00f3nica: https:\/\/www.aepd.es<br \/>\n\u2013 Correo postal: Agencia Espa\u00f1ola de Protecci\u00f3n de Datos, C\/ Jorge Juan, 6, 28001, Madrid<br \/>\n\u2013 Tel\u00e9fono: 901.100.099 y 912.663.517<\/p>\n<p>Formular una reclamaci\u00f3n a la Agencia Espa\u00f1ola de Protecci\u00f3n de Datos no comporta ning\u00fan coste y no es necesaria la asistencia de abogado ni procurador.<\/p>\n<p>&nbsp;<\/p>\n<h3 class=\"western\"><strong>ACTUALIZACIONES: \u00bfQU\u00c9 CAMBIOS PUEDE HABER EN ESTA POL\u00cdTICA DE PRIVACIDAD?<\/strong><\/h3>\n<p>Pep Masias Nabau se reserva el derecho a modificar esta pol\u00edtica para adaptarla a novedades legislativas o jurisprudenciales que puedan afectar a su cumplimiento.[\/vc_column_text][\/vc_column][\/vc_row]<\/p>\n<\/section>","protected":false},"excerpt":{"rendered":"<p>[vc_row css=\u00bb.vc_custom_1702489383224{margin-bottom: 60px !important;}\u00bb][vc_column][vc_column_text]En el marco de la relaci\u00f3n de prestaci\u00f3n de servicios en el \u00e1mbito de la Ley Org\u00e1nica 15\/1999, de 13 de diciembre, de Protecci\u00f3n de Datos de [&hellip;]<\/p>\n","protected":false},"author":1,"featured_media":0,"parent":0,"menu_order":0,"comment_status":"closed","ping_status":"closed","template":"","meta":{"footnotes":""},"class_list":["post-5037","page","type-page","status-publish","hentry"],"yoast_head":"<!-- This site is optimized with the Yoast SEO plugin v23.0 - https:\/\/yoast.com\/wordpress\/plugins\/seo\/ -->\n<title>Pol\u00edtica de privacidad - Pep Masias<\/title>\n<meta name=\"robots\" content=\"index, follow, max-snippet:-1, max-image-preview:large, max-video-preview:-1\" \/>\n<link rel=\"canonical\" href=\"https:\/\/www.pepmasias.cat\/politica-de-privadesa\/\" \/>\n<meta property=\"og:locale\" content=\"es_ES\" \/>\n<meta property=\"og:type\" content=\"article\" \/>\n<meta property=\"og:title\" content=\"Pol\u00edtica de privacidad - Pep Masias\" \/>\n<meta property=\"og:description\" content=\"[vc_row css=\u00bb.vc_custom_1702489383224{margin-bottom: 60px !important;}\u00bb][vc_column][vc_column_text]En el marco de la relaci\u00f3n de prestaci\u00f3n de servicios en el \u00e1mbito de la Ley Org\u00e1nica 15\/1999, de 13 de diciembre, de Protecci\u00f3n de Datos de [&hellip;]\" \/>\n<meta property=\"og:url\" content=\"https:\/\/www.pepmasias.cat\/politica-de-privadesa\/\" \/>\n<meta property=\"og:site_name\" content=\"Pep Masias\" \/>\n<meta property=\"article:modified_time\" content=\"2024-01-29T12:33:20+00:00\" \/>\n<meta name=\"twitter:card\" content=\"summary_large_image\" \/>\n<meta name=\"twitter:label1\" content=\"Tiempo de lectura\" \/>\n\t<meta name=\"twitter:data1\" content=\"7 minutos\" \/>\n<script type=\"application\/ld+json\" class=\"yoast-schema-graph\">{\"@context\":\"https:\/\/schema.org\",\"@graph\":[{\"@type\":\"WebPage\",\"@id\":\"https:\/\/www.pepmasias.cat\/politica-de-privadesa\/\",\"url\":\"https:\/\/www.pepmasias.cat\/politica-de-privadesa\/\",\"name\":\"Pol\u00edtica de privacidad - Pep Masias\",\"isPartOf\":{\"@id\":\"https:\/\/www.pepmasias.cat\/es\/#website\"},\"datePublished\":\"2023-10-03T11:17:30+00:00\",\"dateModified\":\"2024-01-29T12:33:20+00:00\",\"breadcrumb\":{\"@id\":\"https:\/\/www.pepmasias.cat\/politica-de-privadesa\/#breadcrumb\"},\"inLanguage\":\"es\",\"potentialAction\":[{\"@type\":\"ReadAction\",\"target\":[\"https:\/\/www.pepmasias.cat\/politica-de-privadesa\/\"]}]},{\"@type\":\"BreadcrumbList\",\"@id\":\"https:\/\/www.pepmasias.cat\/politica-de-privadesa\/#breadcrumb\",\"itemListElement\":[{\"@type\":\"ListItem\",\"position\":1,\"name\":\"Inici\",\"item\":\"https:\/\/www.pepmasias.cat\/es\/\"},{\"@type\":\"ListItem\",\"position\":2,\"name\":\"Pol\u00edtica de privacidad\"}]},{\"@type\":\"WebSite\",\"@id\":\"https:\/\/www.pepmasias.cat\/es\/#website\",\"url\":\"https:\/\/www.pepmasias.cat\/es\/\",\"name\":\"Pep Masias\",\"description\":\"Productor i Documentalista\",\"potentialAction\":[{\"@type\":\"SearchAction\",\"target\":{\"@type\":\"EntryPoint\",\"urlTemplate\":\"https:\/\/www.pepmasias.cat\/es\/?s={search_term_string}\"},\"query-input\":\"required name=search_term_string\"}],\"inLanguage\":\"es\"}]}<\/script>\n<!-- \/ Yoast SEO plugin. -->","yoast_head_json":{"title":"Pol\u00edtica de privacidad - Pep Masias","robots":{"index":"index","follow":"follow","max-snippet":"max-snippet:-1","max-image-preview":"max-image-preview:large","max-video-preview":"max-video-preview:-1"},"canonical":"https:\/\/www.pepmasias.cat\/politica-de-privadesa\/","og_locale":"es_ES","og_type":"article","og_title":"Pol\u00edtica de privacidad - Pep Masias","og_description":"[vc_row css=\u00bb.vc_custom_1702489383224{margin-bottom: 60px !important;}\u00bb][vc_column][vc_column_text]En el marco de la relaci\u00f3n de prestaci\u00f3n de servicios en el \u00e1mbito de la Ley Org\u00e1nica 15\/1999, de 13 de diciembre, de Protecci\u00f3n de Datos de [&hellip;]","og_url":"https:\/\/www.pepmasias.cat\/politica-de-privadesa\/","og_site_name":"Pep Masias","article_modified_time":"2024-01-29T12:33:20+00:00","twitter_card":"summary_large_image","twitter_misc":{"Tiempo de lectura":"7 minutos"},"schema":{"@context":"https:\/\/schema.org","@graph":[{"@type":"WebPage","@id":"https:\/\/www.pepmasias.cat\/politica-de-privadesa\/","url":"https:\/\/www.pepmasias.cat\/politica-de-privadesa\/","name":"Pol\u00edtica de privacidad - Pep Masias","isPartOf":{"@id":"https:\/\/www.pepmasias.cat\/es\/#website"},"datePublished":"2023-10-03T11:17:30+00:00","dateModified":"2024-01-29T12:33:20+00:00","breadcrumb":{"@id":"https:\/\/www.pepmasias.cat\/politica-de-privadesa\/#breadcrumb"},"inLanguage":"es","potentialAction":[{"@type":"ReadAction","target":["https:\/\/www.pepmasias.cat\/politica-de-privadesa\/"]}]},{"@type":"BreadcrumbList","@id":"https:\/\/www.pepmasias.cat\/politica-de-privadesa\/#breadcrumb","itemListElement":[{"@type":"ListItem","position":1,"name":"Inici","item":"https:\/\/www.pepmasias.cat\/es\/"},{"@type":"ListItem","position":2,"name":"Pol\u00edtica de privacidad"}]},{"@type":"WebSite","@id":"https:\/\/www.pepmasias.cat\/es\/#website","url":"https:\/\/www.pepmasias.cat\/es\/","name":"Pep Masias","description":"Productor i Documentalista","potentialAction":[{"@type":"SearchAction","target":{"@type":"EntryPoint","urlTemplate":"https:\/\/www.pepmasias.cat\/es\/?s={search_term_string}"},"query-input":"required name=search_term_string"}],"inLanguage":"es"}]}},"_links":{"self":[{"href":"https:\/\/www.pepmasias.cat\/es\/wp-json\/wp\/v2\/pages\/5037","targetHints":{"allow":["GET"]}}],"collection":[{"href":"https:\/\/www.pepmasias.cat\/es\/wp-json\/wp\/v2\/pages"}],"about":[{"href":"https:\/\/www.pepmasias.cat\/es\/wp-json\/wp\/v2\/types\/page"}],"author":[{"embeddable":true,"href":"https:\/\/www.pepmasias.cat\/es\/wp-json\/wp\/v2\/users\/1"}],"replies":[{"embeddable":true,"href":"https:\/\/www.pepmasias.cat\/es\/wp-json\/wp\/v2\/comments?post=5037"}],"version-history":[{"count":4,"href":"https:\/\/www.pepmasias.cat\/es\/wp-json\/wp\/v2\/pages\/5037\/revisions"}],"predecessor-version":[{"id":5057,"href":"https:\/\/www.pepmasias.cat\/es\/wp-json\/wp\/v2\/pages\/5037\/revisions\/5057"}],"wp:attachment":[{"href":"https:\/\/www.pepmasias.cat\/es\/wp-json\/wp\/v2\/media?parent=5037"}],"curies":[{"name":"wp","href":"https:\/\/api.w.org\/{rel}","templated":true}]}}