{"id":5039,"date":"2023-12-13T19:00:37","date_gmt":"2023-12-13T18:00:37","guid":{"rendered":"https:\/\/www.pepmasias.cat\/avis-legal\/"},"modified":"2024-01-29T16:13:20","modified_gmt":"2024-01-29T15:13:20","slug":"aviso-legal","status":"publish","type":"page","link":"https:\/\/www.pepmasias.cat\/es\/aviso-legal\/","title":{"rendered":"Aviso legal"},"content":{"rendered":"<h3 class=\"western\"><strong>BIENVENIDOS A WWW.PEPMASIAS.CAT<\/strong><\/h3>\n<p>En cumplimiento con la ley 34\/2002, de 11 de julio, de servicios de la sociedad de la informaci\u00f3n y del comercio electr\u00f3nico, Pep Masias Nabau informa que es titular del website www.pepmasias.cat. De acuerdo con la exigencia del art\u00edculo 10 de la citada ley, Pep Masias informa de los siguientes datos: Pep Masias Nabau , con NIF 40316961P, y domicilio a efectos de notificaciones en: C\/ Valencia, 448 2-2, 08013 &#8211; Barcelona (Espa\u00f1a). La direcci\u00f3n de correo electr\u00f3nico de contacto es: productor@pepmasias.cat.<\/p>\n<p>&nbsp;<\/p>\n<h3 class=\"western\"><strong>TRATAMIENTO DE LA INFORMACI\u00d3N<\/strong><\/h3>\n<p>La informaci\u00f3n y datos de car\u00e1cter personal facilitados por los clientes de Pep Masias, reciben el tratamiento establecido en la Ley Org\u00e1nica 15\/1999, de 13 Diciembre, sobre Protecci\u00f3n de Datos de Car\u00e1cter Personal. Pep Masias Nabau se hace responsable del correcto uso de estos datos y reconoce a sus clientes su derecho de acceso, rectificaci\u00f3n, cancelaci\u00f3n y oposici\u00f3n sobre los mismos. Para ello, deben enviar un escrito indicando su deseo de ejercitar este derecho a la direcci\u00f3n: C\/ Val\u00e8ncia, 448 2-2, CP 08013 &#8211; Barcelona. O a trav\u00e9s de un e-mail dirigido a productor@pepmasias.cat.<\/p>\n<p>&nbsp;<\/p>\n<h3 class=\"western\"><strong>Pol\u00edtica de privacidad &#8211; Derecho de informaci\u00f3n<\/strong><\/h3>\n<p>En cumplimiento de lo que establece la Ley Org\u00e1nica 15\/1999, de 13 de diciembre, de Protecci\u00f3n de Datos de Car\u00e1cter Personal (en adelante, LOPD), Pep Masias Nabau informa a los usuarios de la existencia de un fichero automatizado de datos de car\u00e1cter personal sobre el que se aplican las disposiciones de seguridad establecidas en esta ley.<\/p>\n<p>&nbsp;<\/p>\n<h3 class=\"western\"><strong>OBJETO DE LOS DATOS<\/strong><\/h3>\n<p>Los datos de clientes y usuarios obtenidos a trav\u00e9s de los formularios dise\u00f1ados al efecto son recogidos con la \u00fanica finalidad de prestar el servicio requerido. Asimismo, podr\u00e1n ser utilizados para remitir a clientes y usuarios informaci\u00f3n que, seg\u00fan las informaciones vertidas en los formularios, consideramos que pueden ser de su inter\u00e9s.<\/p>\n<p>&nbsp;<\/p>\n<h3 class=\"western\"><strong>CAR\u00c1CTER OBLIGATORIO Y VERACIDAD DE LA INFORMACI\u00d3N<\/strong><\/h3>\n<p>Los campos marcados con un asterisco (*) deber\u00e1n ser rellenados por los usuarios de forma que, si no lo hacen, no ser\u00e1 posible continuar con el proceso de registro. En los campos en los que no aparece esta obligaci\u00f3n, no es necesario incluir ninguna informaci\u00f3n, aunque el usuario es libre de hacerlo si as\u00ed lo considera. El usuario es el responsable \u00faltimo y exclusivo de la veracidad de la informaci\u00f3n y de los datos suministrados en www.pepmasias.cat.<\/p>\n<p>&nbsp;<\/p>\n<h3 class=\"western\"><strong>CONSENTIMIENTO<\/strong><\/h3>\n<p>La cumplimentaci\u00f3n de los formularios y el env\u00edo de datos personales supone la aceptaci\u00f3n y consentimiento expreso del usuario al tratamiento de los datos que Pep Masias Nabau considere pertinentes siempre dentro del marco establecido por la LOPD.<\/p>\n<p>&nbsp;<\/p>\n<h3 class=\"western\"><strong>DERECHO DE ACCESO, RECTIFICACI\u00d3N, OPOSICI\u00d3N Y CANCELACI\u00d3N DE LOS USUARIOS<\/strong><\/h3>\n<p>El usuario podr\u00e1 ejercitar sus derechos de acceso, rectificaci\u00f3n, oposici\u00f3n y cancelaci\u00f3n al tratamiento de sus datos personales, en los t\u00e9rminos y condiciones previstos en la LOPD. Para ello, deber\u00e1 enviar un escrito indicando el deseo de ejercitar este derecho en la direcci\u00f3n: C\/ Val\u00e8ncia, 448 2-2, CP 08013 &#8211; Barcelona. O a trav\u00e9s de un e-mail dirigido a la direcci\u00f3n productor@pepmasias.cat.<\/p>\n<p>&nbsp;<\/p>\n<h3 class=\"western\"><strong>MODIFICACI\u00d3N DE LA POL\u00cdTICA DE PRIVACIDAD<\/strong><\/h3>\n<p>Pep Masias Nabau se reserva el derecho a modificar y\/o actualizar tanto el presente documento sobre su pol\u00edtica de privacidad como las condiciones generales contenidas en el sitio web www.pepmasias.cat para adaptar ambos documentos tanto a nuevas normativas legales y de jurisprudencia como a nuevas informaciones del mercado y de la industria. En su caso, Pep Masias Nabau se compromete a comunicar estas modificaciones y\/o actualizaciones a los clientes.<\/p>\n<p>RESERVA DE COOKIES<\/p>\n<p>Pep Masias Nabau se reserva el derecho de utilizar cookies en la navegaci\u00f3n del usuario por sus sitios web para facilitar la personalizaci\u00f3n y comodidad de la navegaci\u00f3n. Siguiendo la pol\u00edtica de protecci\u00f3n de datos de la empresa, Pep Masias Nabau informa que las cookies se asocian al usuario an\u00f3nimo ya su ordenador, y no proporcionan por s\u00ed mismas el nombre y apellidos del usuario. <\/p>\n<p>El usuario tiene la disponibilidad de configurar su navegador de forma que se le informe de la recepci\u00f3n de cookies, pudiendo, si as\u00ed lo desea, impedir que sean instaladas en su disco duro. Sin embargo, para el acceso a la website www.pepmasias.cat, no ser\u00e1 preceptiva la instalaci\u00f3n de cookies.<\/p>\n<p>La informaci\u00f3n se utiliza para mejorar la p\u00e1gina web www.pepmasias.cat, detectar necesidades t\u00e9cnicas o de mercado e introducir modificaciones de funcionamiento con el fin de mejorar el servicio a todos los usuarios que naveguen por www.pepmasias.cat.<br \/>\nC\u00f3mo administrar cookies y datos de sitios en su navegador:<\/p>\n<p>A trav\u00e9s de los siguientes enlaces, puede dirigirse a las p\u00e1ginas de los navegadores m\u00e1s usados para informarse sobre c\u00f3mo puede administrar las cookies y los datos de los sitios web.<\/p>\n<ul>\n<li>Chrome:\u00a0<a href=\"http:\/\/support.google.com\/chrome\/bin\/answer.py?hl=ca&amp;answer=95647\">http:\/\/support.google.com\/chrome\/bin \/answer.py?hl=ca&amp;answer=95647<\/a><\/li>\n<li>Firefox:\u00a0<a href=\"http:\/\/support.mozilla.org\/ca\/kb\/cookies-informacion-que-los-llocs-web-guardan-en-\">http:\/\/support.mozilla. org\/ca\/kb\/cookies-informacion-que-los-llocs-web-guardan-en-<\/a><\/li>\n<li>Explorer:\u00a0<a href=\"http:\/\/windows.microsoft.com\/ca-ca\/windows7\/how-to-manage-cookies-in-internet-explorer-9\">http:\/\/windows.microsoft .com\/ca-ca\/windows7\/how-to-manage-cookies-in-internet-explorer-9<\/a><\/li>\n<li>Safari:\u00a0<a href=\"http:\/\/support.apple.com\/kb\/ph5042\">http:\/\/support.apple.com\/kb\/ph5042<\/a><\/li>\n<li>Opera:\u00a0<a href=\"http:\/\/help.opera.com\/Windows\/11.50\/ca-ES\/cookies.html\">http:\/\/help.opera.com\/Windows\/11.50\/ca-ES \/cookies.html<\/a><\/li>\n<\/ul>\n<p>ANAL\u00cdTICA WEB<\/p>\n<p>Esta p\u00e1gina web utiliza Google Analytics, un servicio anal\u00edtico de web prestado por Google, Inc., una compa\u00f1\u00eda de Delaware cuya oficina principal es el 1600 Amphitheatre Parkway, Mountain View (California), CA 94043, Estados Unidos (\u201cGoogle\u201d).<br \/>\nGoogle Analytics utiliza \u201ccookies\u201d, que son archivos de texto ubicados en su ordenador, para ayudar al website a analizar el uso que hacen los usuarios del sitio web. La informaci\u00f3n que genera la cookie sobre su uso del sitio web (incluyendo la direcci\u00f3n IP) ser\u00e1 directamente transmitida y archivada por Google en los servidores de Estados Unidos. Google utilizar\u00e1 esta informaci\u00f3n con el prop\u00f3sito de seguir la pista de su uso del website, recopilando informes de la actividad del website y prestando otros servicios relacionados con la actividad del website y el uso de Internet.<\/p>\n<p>Google podr\u00e1 transmitir esta informaci\u00f3n a terceros cuando as\u00ed lo requiera la legislaci\u00f3n, o cuando estos terceros procesen la informaci\u00f3n por cuenta de Google. Google no asociar\u00e1 su direcci\u00f3n IP con ning\u00fan otro dato del que disponga Google.<\/p>\n<p>Puede rechazar el tratamiento de los datos o la informaci\u00f3n rechazando el uso de cookies mediante la selecci\u00f3n de la configuraci\u00f3n apropiada de su navegador, pero, debe saber que si lo hace, puede que no pueda utilizar la plena funcionalidad de este website.<\/p>\n<p>Al utilizar este sitio web consiente el tratamiento de informaci\u00f3n sobre usted para Google, en la forma y para los fines arriba indicados.<\/p>\n<p>Puede ampliar la informaci\u00f3n sobre Google Analytics haciendo clic en el siguiente enlace:\u00a0<a href=\"https:\/\/www.google.es\/intl\/es\/policies\/privacy\/\">https:\/\/www.google.es\/intl \/es\/policies\/privacy\/<\/a><\/p>\n<p>&nbsp;<\/p>\n","protected":false},"excerpt":{"rendered":"<p>BIENVENIDOS A WWW.PEPMASIAS.CAT En cumplimiento con la ley 34\/2002, de 11 de julio, de servicios de la sociedad de la informaci\u00f3n y del comercio electr\u00f3nico, Pep Masias Nabau informa que [&hellip;]<\/p>\n","protected":false},"author":1,"featured_media":0,"parent":0,"menu_order":0,"comment_status":"closed","ping_status":"closed","template":"","meta":{"footnotes":""},"class_list":["post-5039","page","type-page","status-publish","hentry"],"yoast_head":"<!-- This site is optimized with the Yoast SEO plugin v23.0 - https:\/\/yoast.com\/wordpress\/plugins\/seo\/ -->\n<title>Aviso legal - Pep Masias<\/title>\n<meta name=\"robots\" content=\"index, follow, max-snippet:-1, max-image-preview:large, max-video-preview:-1\" \/>\n<link rel=\"canonical\" href=\"https:\/\/www.pepmasias.cat\/avis-legal\/\" \/>\n<meta property=\"og:locale\" content=\"es_ES\" \/>\n<meta property=\"og:type\" content=\"article\" \/>\n<meta property=\"og:title\" content=\"Aviso legal - Pep Masias\" \/>\n<meta property=\"og:description\" content=\"BIENVENIDOS A WWW.PEPMASIAS.CAT En cumplimiento con la ley 34\/2002, de 11 de julio, de servicios de la sociedad de la informaci\u00f3n y del comercio electr\u00f3nico, Pep Masias Nabau informa que [&hellip;]\" \/>\n<meta property=\"og:url\" content=\"https:\/\/www.pepmasias.cat\/avis-legal\/\" \/>\n<meta property=\"og:site_name\" content=\"Pep Masias\" \/>\n<meta property=\"article:modified_time\" content=\"2024-01-29T15:13:20+00:00\" \/>\n<meta name=\"twitter:card\" content=\"summary_large_image\" \/>\n<meta name=\"twitter:label1\" content=\"Tiempo de lectura\" \/>\n\t<meta name=\"twitter:data1\" content=\"6 minutos\" \/>\n<script type=\"application\/ld+json\" class=\"yoast-schema-graph\">{\"@context\":\"https:\/\/schema.org\",\"@graph\":[{\"@type\":\"WebPage\",\"@id\":\"https:\/\/www.pepmasias.cat\/avis-legal\/\",\"url\":\"https:\/\/www.pepmasias.cat\/avis-legal\/\",\"name\":\"Aviso legal - Pep Masias\",\"isPartOf\":{\"@id\":\"https:\/\/www.pepmasias.cat\/es\/#website\"},\"datePublished\":\"2023-12-13T18:00:37+00:00\",\"dateModified\":\"2024-01-29T15:13:20+00:00\",\"breadcrumb\":{\"@id\":\"https:\/\/www.pepmasias.cat\/avis-legal\/#breadcrumb\"},\"inLanguage\":\"es\",\"potentialAction\":[{\"@type\":\"ReadAction\",\"target\":[\"https:\/\/www.pepmasias.cat\/avis-legal\/\"]}]},{\"@type\":\"BreadcrumbList\",\"@id\":\"https:\/\/www.pepmasias.cat\/avis-legal\/#breadcrumb\",\"itemListElement\":[{\"@type\":\"ListItem\",\"position\":1,\"name\":\"Inici\",\"item\":\"https:\/\/www.pepmasias.cat\/es\/\"},{\"@type\":\"ListItem\",\"position\":2,\"name\":\"Aviso legal\"}]},{\"@type\":\"WebSite\",\"@id\":\"https:\/\/www.pepmasias.cat\/es\/#website\",\"url\":\"https:\/\/www.pepmasias.cat\/es\/\",\"name\":\"Pep Masias\",\"description\":\"Productor i Documentalista\",\"potentialAction\":[{\"@type\":\"SearchAction\",\"target\":{\"@type\":\"EntryPoint\",\"urlTemplate\":\"https:\/\/www.pepmasias.cat\/es\/?s={search_term_string}\"},\"query-input\":\"required name=search_term_string\"}],\"inLanguage\":\"es\"}]}<\/script>\n<!-- \/ Yoast SEO plugin. -->","yoast_head_json":{"title":"Aviso legal - Pep Masias","robots":{"index":"index","follow":"follow","max-snippet":"max-snippet:-1","max-image-preview":"max-image-preview:large","max-video-preview":"max-video-preview:-1"},"canonical":"https:\/\/www.pepmasias.cat\/avis-legal\/","og_locale":"es_ES","og_type":"article","og_title":"Aviso legal - Pep Masias","og_description":"BIENVENIDOS A WWW.PEPMASIAS.CAT En cumplimiento con la ley 34\/2002, de 11 de julio, de servicios de la sociedad de la informaci\u00f3n y del comercio electr\u00f3nico, Pep Masias Nabau informa que [&hellip;]","og_url":"https:\/\/www.pepmasias.cat\/avis-legal\/","og_site_name":"Pep Masias","article_modified_time":"2024-01-29T15:13:20+00:00","twitter_card":"summary_large_image","twitter_misc":{"Tiempo de lectura":"6 minutos"},"schema":{"@context":"https:\/\/schema.org","@graph":[{"@type":"WebPage","@id":"https:\/\/www.pepmasias.cat\/avis-legal\/","url":"https:\/\/www.pepmasias.cat\/avis-legal\/","name":"Aviso legal - Pep Masias","isPartOf":{"@id":"https:\/\/www.pepmasias.cat\/es\/#website"},"datePublished":"2023-12-13T18:00:37+00:00","dateModified":"2024-01-29T15:13:20+00:00","breadcrumb":{"@id":"https:\/\/www.pepmasias.cat\/avis-legal\/#breadcrumb"},"inLanguage":"es","potentialAction":[{"@type":"ReadAction","target":["https:\/\/www.pepmasias.cat\/avis-legal\/"]}]},{"@type":"BreadcrumbList","@id":"https:\/\/www.pepmasias.cat\/avis-legal\/#breadcrumb","itemListElement":[{"@type":"ListItem","position":1,"name":"Inici","item":"https:\/\/www.pepmasias.cat\/es\/"},{"@type":"ListItem","position":2,"name":"Aviso legal"}]},{"@type":"WebSite","@id":"https:\/\/www.pepmasias.cat\/es\/#website","url":"https:\/\/www.pepmasias.cat\/es\/","name":"Pep Masias","description":"Productor i Documentalista","potentialAction":[{"@type":"SearchAction","target":{"@type":"EntryPoint","urlTemplate":"https:\/\/www.pepmasias.cat\/es\/?s={search_term_string}"},"query-input":"required name=search_term_string"}],"inLanguage":"es"}]}},"_links":{"self":[{"href":"https:\/\/www.pepmasias.cat\/es\/wp-json\/wp\/v2\/pages\/5039","targetHints":{"allow":["GET"]}}],"collection":[{"href":"https:\/\/www.pepmasias.cat\/es\/wp-json\/wp\/v2\/pages"}],"about":[{"href":"https:\/\/www.pepmasias.cat\/es\/wp-json\/wp\/v2\/types\/page"}],"author":[{"embeddable":true,"href":"https:\/\/www.pepmasias.cat\/es\/wp-json\/wp\/v2\/users\/1"}],"replies":[{"embeddable":true,"href":"https:\/\/www.pepmasias.cat\/es\/wp-json\/wp\/v2\/comments?post=5039"}],"version-history":[{"count":5,"href":"https:\/\/www.pepmasias.cat\/es\/wp-json\/wp\/v2\/pages\/5039\/revisions"}],"predecessor-version":[{"id":5066,"href":"https:\/\/www.pepmasias.cat\/es\/wp-json\/wp\/v2\/pages\/5039\/revisions\/5066"}],"wp:attachment":[{"href":"https:\/\/www.pepmasias.cat\/es\/wp-json\/wp\/v2\/media?parent=5039"}],"curies":[{"name":"wp","href":"https:\/\/api.w.org\/{rel}","templated":true}]}}